{"id":2077,"date":"2024-12-10T10:04:12","date_gmt":"2024-12-10T10:04:12","guid":{"rendered":"https:\/\/velvetskin.ee\/ostukorv\/"},"modified":"2026-01-15T22:34:16","modified_gmt":"2026-01-15T20:34:16","slug":"ostukorv","status":"publish","type":"page","link":"https:\/\/velvetskin.ee\/en\/ostukorv\/","title":{"rendered":"Ostukorv"},"content":{"rendered":"<div data-elementor-type=\"wp-page\" data-elementor-id=\"2077\" class=\"elementor elementor-2077\" data-elementor-post-type=\"page\">\n\t\t\t\t<div class=\"elementor-element elementor-element-235ff024 e-flex e-con-boxed e-con e-parent\" data-id=\"235ff024\" data-element_type=\"container\" data-e-type=\"container\">\n\t\t\t\t\t<div class=\"e-con-inner\">\n\t\t<div class=\"elementor-element elementor-element-47caac9 e-con-full e-flex e-con e-child\" data-id=\"47caac9\" data-element_type=\"container\" data-e-type=\"container\" data-settings=\"{&quot;background_background&quot;:&quot;classic&quot;}\">\n\t\t\t\t<div class=\"elementor-element elementor-element-ffcee26 elementor-widget elementor-widget-text-editor\" data-id=\"ffcee26\" data-element_type=\"widget\" data-e-type=\"widget\" data-widget_type=\"text-editor.default\">\n\t\t\t\t<div class=\"elementor-widget-container\">\n\t\t\t\t\t\t\t\t\t<p>Loo endale velvetskin konto ning saa <strong>tasuta tarne<\/strong> ning <strong>-5% kogu ostukorvilt<\/strong><\/p>\t\t\t\t\t\t\t\t<\/div>\n\t\t\t\t<\/div>\n\t\t\t\t<div class=\"elementor-element elementor-element-f71bb53 elementor-mobile-align-justify elementor-widget elementor-widget-button\" data-id=\"f71bb53\" data-element_type=\"widget\" data-e-type=\"widget\" data-widget_type=\"button.default\">\n\t\t\t\t<div class=\"elementor-widget-container\">\n\t\t\t\t\t\t\t\t\t<div class=\"elementor-button-wrapper\">\n\t\t\t\t\t<a class=\"elementor-button elementor-button-link elementor-size-sm\" href=\"https:\/\/velvetskin.ee\/en\/konto\/\">\n\t\t\t\t\t\t<span class=\"elementor-button-content-wrapper\">\n\t\t\t\t\t\t\t\t\t<span class=\"elementor-button-text\">Loo konto \/ logi sisse<\/span>\n\t\t\t\t\t<\/span>\n\t\t\t\t\t<\/a>\n\t\t\t\t<\/div>\n\t\t\t\t\t\t\t\t<\/div>\n\t\t\t\t<\/div>\n\t\t\t\t<\/div>\n\t\t\t\t\t<\/div>\n\t\t\t\t<\/div>\n\t\t<div class=\"elementor-element elementor-element-5bae8b1 e-flex e-con-boxed e-con e-parent\" data-id=\"5bae8b1\" data-element_type=\"container\" data-e-type=\"container\">\n\t\t\t\t\t<div class=\"e-con-inner\">\n\t\t\t\t<div class=\"elementor-element elementor-element-6785153 elementor-widget elementor-widget-spacer\" data-id=\"6785153\" data-element_type=\"widget\" data-e-type=\"widget\" data-widget_type=\"spacer.default\">\n\t\t\t\t<div class=\"elementor-widget-container\">\n\t\t\t\t\t\t\t<div class=\"elementor-spacer\">\n\t\t\t<div class=\"elementor-spacer-inner\"><\/div>\n\t\t<\/div>\n\t\t\t\t\t\t<\/div>\n\t\t\t\t<\/div>\n\t\t\t\t\t<\/div>\n\t\t\t\t<\/div>\n\t\t\t\t<\/div>","protected":false},"excerpt":{"rendered":"<p>Loo endale velvetskin konto ning saa tasuta tarne ning -5% kogu ostukorvilt Loo konto \/ logi sisse Eemalda Thumbnail image Toode Hind Kogus Vahesumma &times; Inlab Medical Anti-imperfection Pack 84,00&nbsp;&euro; Inlab Medical Anti-imperfection Pack kogus 84,00&nbsp;&euro; KASUTA KUPONGI OSTUKORVI SUMMAD Vahesumma 84,00&nbsp;&euro; -5% P\u00fcsikliendile -4,20&nbsp;&euro; [Kustuta] Saadetis Itella Smartpost (Tasuta p\u00fcsikliendile) Tarnev\u00f5imalusi uuendatakse kassas. Arvuta [&hellip;]<\/p>\n","protected":false},"author":1,"featured_media":0,"parent":0,"menu_order":0,"comment_status":"closed","ping_status":"closed","template":"","meta":{"_acf_changed":false,"footnotes":""},"class_list":["post-2077","page","type-page","status-publish","hentry"],"acf":[],"_links":{"self":[{"href":"https:\/\/velvetskin.ee\/en\/wp-json\/wp\/v2\/pages\/2077","targetHints":{"allow":["GET"]}}],"collection":[{"href":"https:\/\/velvetskin.ee\/en\/wp-json\/wp\/v2\/pages"}],"about":[{"href":"https:\/\/velvetskin.ee\/en\/wp-json\/wp\/v2\/types\/page"}],"author":[{"embeddable":true,"href":"https:\/\/velvetskin.ee\/en\/wp-json\/wp\/v2\/users\/1"}],"replies":[{"embeddable":true,"href":"https:\/\/velvetskin.ee\/en\/wp-json\/wp\/v2\/comments?post=2077"}],"version-history":[{"count":26,"href":"https:\/\/velvetskin.ee\/en\/wp-json\/wp\/v2\/pages\/2077\/revisions"}],"predecessor-version":[{"id":4259,"href":"https:\/\/velvetskin.ee\/en\/wp-json\/wp\/v2\/pages\/2077\/revisions\/4259"}],"wp:attachment":[{"href":"https:\/\/velvetskin.ee\/en\/wp-json\/wp\/v2\/media?parent=2077"}],"curies":[{"name":"wp","href":"https:\/\/api.w.org\/{rel}","templated":true}]}}