{"id":1587,"date":"2024-11-26T14:36:35","date_gmt":"2024-11-26T12:36:35","guid":{"rendered":"https:\/\/velvetskin.ee\/?post_type=product&#038;p=1587"},"modified":"2025-12-10T10:46:52","modified_gmt":"2025-12-10T08:46:52","slug":"skin-solution-bb-spf-37-tuubis","status":"publish","type":"product","link":"https:\/\/velvetskin.ee\/en\/product\/skin-solution-bb-spf-37-tuubis\/","title":{"rendered":"Skin Solution Bb SPF 37 in a tube"},"content":{"rendered":"<p>BB cream with yellow undertones. Moisturising, brightening and anti-ageing. UV protection SPF 37.<\/p>\n<p>Ingredients: mango seed oil, allantonin, asiatica aquinaba extract.<\/p>\n<p>Suitable for those with loose skin, first wrinkles. Moisturizing and refreshing, brightening action.<\/p>","protected":false},"excerpt":{"rendered":"<p>Kollaka alatooniga BB kreem. Nahka niisutava, jumet \u00fchtlustava ja vananemisvastase toimega. UV kaitse SPF 37. Kreem j\u00e4\u00e4b nahal v\u00e4ga \u00fchtlane ja loomulik. Sobib pigem heledamale nahat\u00fc\u00fcbile. 32 ml<\/p>\n<p>&nbsp;<\/p>","protected":false},"featured_media":1590,"template":"","meta":{"_acf_changed":false},"product_brand":[158],"product_cat":[174],"product_tag":[178,190,181,182,186,180,183,189],"class_list":{"0":"post-1587","1":"product","2":"type-product","3":"status-publish","4":"has-post-thumbnail","6":"product_brand-fau","7":"product_cat-meigitooted","8":"product_tag-akne-ja-akneilmingud","9":"product_tag-arritunud-ja-voi-kuiv-nahk","10":"product_tag-esimesed-kortsud-30","11":"product_tag-kortsud-ja-lotvunud-nahk","12":"product_tag-pigmendiprobleemid","13":"product_tag-rosaatsea-ja-kuperroosa","14":"product_tag-tuhm-ja-sara-kaotanud-nahk","15":"product_tag-tundlik","17":"first","18":"instock","19":"taxable","20":"shipping-taxable","21":"purchasable","22":"product-type-simple"},"acf":[],"_links":{"self":[{"href":"https:\/\/velvetskin.ee\/en\/wp-json\/wp\/v2\/product\/1587","targetHints":{"allow":["GET"]}}],"collection":[{"href":"https:\/\/velvetskin.ee\/en\/wp-json\/wp\/v2\/product"}],"about":[{"href":"https:\/\/velvetskin.ee\/en\/wp-json\/wp\/v2\/types\/product"}],"version-history":[{"count":8,"href":"https:\/\/velvetskin.ee\/en\/wp-json\/wp\/v2\/product\/1587\/revisions"}],"predecessor-version":[{"id":3959,"href":"https:\/\/velvetskin.ee\/en\/wp-json\/wp\/v2\/product\/1587\/revisions\/3959"}],"wp:featuredmedia":[{"embeddable":true,"href":"https:\/\/velvetskin.ee\/en\/wp-json\/wp\/v2\/media\/1590"}],"wp:attachment":[{"href":"https:\/\/velvetskin.ee\/en\/wp-json\/wp\/v2\/media?parent=1587"}],"wp:term":[{"taxonomy":"product_brand","embeddable":true,"href":"https:\/\/velvetskin.ee\/en\/wp-json\/wp\/v2\/product_brand?post=1587"},{"taxonomy":"product_cat","embeddable":true,"href":"https:\/\/velvetskin.ee\/en\/wp-json\/wp\/v2\/product_cat?post=1587"},{"taxonomy":"product_tag","embeddable":true,"href":"https:\/\/velvetskin.ee\/en\/wp-json\/wp\/v2\/product_tag?post=1587"}],"curies":[{"name":"wp","href":"https:\/\/api.w.org\/{rel}","templated":true}]}}