{"id":2019,"date":"2024-12-08T15:09:30","date_gmt":"2024-12-08T13:09:30","guid":{"rendered":"https:\/\/velvetskin.ee\/?post_type=product&#038;p=2019"},"modified":"2025-12-10T10:46:52","modified_gmt":"2025-12-10T08:46:52","slug":"fau-star-glow-lip-plumper","status":"publish","type":"product","link":"https:\/\/velvetskin.ee\/en\/product\/fau-star-glow-lip-plumper\/","title":{"rendered":"Fau Star Glow Lip Plumper"},"content":{"rendered":"<p>PRODUCT FEATURES<br \/>\nT\u00e4ites\u00fcsti efekt, kuid seda loomulikult ja naturaalsel viisil! S\u00e4rav , l\u00e4iget ja vol\u00fc\u00fcmi andev huulehooldus.<br \/>\nT\u00e4nu kahekordsele soojendavale ja jahutavale efektile, annab see huulel\u00e4ige m\u00e4rgatava vol\u00fc\u00fcmi huuletele.<\/p>\n<p>KASUTAMINE<br \/>\nKandke toodet huuletele vastavalt vajadusele.<\/p>\n<p>MAIN INGREDIENTS<br \/>\nVanill\u00fc\u00fclbut\u00fc\u00fcleeter, chilli viljaekstrakt, mentool, (shea)v\u00f5i, (avokaado)\u00f5li, (kakao)seemnev\u00f5i.<\/p>","protected":false},"excerpt":{"rendered":"<p>Vol\u00fc\u00fcmi andev huulel\u00e4ige, mis \u00fchtalasi niisutab, annab s\u00e4ra ja vol\u00fc\u00fcmi huultele. Roosaka alatooniga.<br \/>\nKasutamine: Kanna huultele \u00f5huke kiht 1-2x p\u00e4evas. Tekib jahutav ja \u00fchetav efekt. Huuled muutuvad j\u00e4rkj\u00e4rgult roosakamaks ja vol\u00fc\u00fcmsemaks.<br \/>\nNB! Mitte kasutada lastel.<\/p>\n<p>&nbsp;<\/p>","protected":false},"featured_media":2022,"template":"","meta":{"_acf_changed":false},"product_brand":[158],"product_cat":[174],"product_tag":[181,182],"class_list":{"0":"post-2019","1":"product","2":"type-product","3":"status-publish","4":"has-post-thumbnail","6":"product_brand-fau","7":"product_cat-meigitooted","8":"product_tag-esimesed-kortsud-30","9":"product_tag-kortsud-ja-lotvunud-nahk","11":"first","12":"instock","13":"taxable","14":"shipping-taxable","15":"purchasable","16":"product-type-simple"},"acf":[],"_links":{"self":[{"href":"https:\/\/velvetskin.ee\/en\/wp-json\/wp\/v2\/product\/2019","targetHints":{"allow":["GET"]}}],"collection":[{"href":"https:\/\/velvetskin.ee\/en\/wp-json\/wp\/v2\/product"}],"about":[{"href":"https:\/\/velvetskin.ee\/en\/wp-json\/wp\/v2\/types\/product"}],"version-history":[{"count":7,"href":"https:\/\/velvetskin.ee\/en\/wp-json\/wp\/v2\/product\/2019\/revisions"}],"predecessor-version":[{"id":3972,"href":"https:\/\/velvetskin.ee\/en\/wp-json\/wp\/v2\/product\/2019\/revisions\/3972"}],"wp:featuredmedia":[{"embeddable":true,"href":"https:\/\/velvetskin.ee\/en\/wp-json\/wp\/v2\/media\/2022"}],"wp:attachment":[{"href":"https:\/\/velvetskin.ee\/en\/wp-json\/wp\/v2\/media?parent=2019"}],"wp:term":[{"taxonomy":"product_brand","embeddable":true,"href":"https:\/\/velvetskin.ee\/en\/wp-json\/wp\/v2\/product_brand?post=2019"},{"taxonomy":"product_cat","embeddable":true,"href":"https:\/\/velvetskin.ee\/en\/wp-json\/wp\/v2\/product_cat?post=2019"},{"taxonomy":"product_tag","embeddable":true,"href":"https:\/\/velvetskin.ee\/en\/wp-json\/wp\/v2\/product_tag?post=2019"}],"curies":[{"name":"wp","href":"https:\/\/api.w.org\/{rel}","templated":true}]}}