{"id":2353,"date":"2025-01-14T16:04:43","date_gmt":"2025-01-14T14:04:43","guid":{"rendered":"https:\/\/velvetskin.ee\/?post_type=product&#038;p=2353"},"modified":"2026-04-06T19:51:22","modified_gmt":"2026-04-06T16:51:22","slug":"flash-effect-vitamin-c-ampoules","status":"publish","type":"product","link":"https:\/\/velvetskin.ee\/en\/product\/flash-effect-vitamin-c-ampoules\/","title":{"rendered":"Flash Effect Vitamin C Ampoules"},"content":{"rendered":"<p>A revolutionary cosmetic product based on quinoa seed extract from the Andes, with an immediate firming effect. Vitamin C promotes skin elasticity, radiance and vitality. Gives the skin a brighter appearance, improves elasticity and an immediate firming effect.<\/p>\n<p><strong>User manual:<\/strong> Apply in circular motions to the face, neck and d\u00e9collet\u00e9, avoiding the eye area, until completely absorbed. Use daily. Carefully open the ampoule, insert the nozzle and use 1 ampoule daily, 1 part in the morning and 1 part in the evening. The ampoule should be used within 12h.<\/p>\n<p><strong>Active ingredients:<br \/>\n<\/strong>Kinoa extract<br \/>\nVitamin C<\/p>","protected":false},"excerpt":{"rendered":"<p>Revolutsiooniline kosmeetikatoode, mis p\u00f5hineb Andidest p\u00e4rit kinoa seemnete ekstraktil, kohese pinguldava efektiga. C-vitamiin soodustab naha elastsust, s\u00e4ra ja eluj\u00f5udu.<\/p>","protected":false},"featured_media":4353,"template":"","meta":{"_acf_changed":false},"product_brand":[159],"product_cat":[168],"product_tag":[182,186,183],"class_list":{"0":"post-2353","1":"product","2":"type-product","3":"status-publish","4":"has-post-thumbnail","6":"product_brand-inlab","7":"product_cat-ampulli-seerumid","8":"product_tag-kortsud-ja-lotvunud-nahk","9":"product_tag-pigmendiprobleemid","10":"product_tag-tuhm-ja-sara-kaotanud-nahk","12":"first","13":"instock","14":"taxable","15":"shipping-taxable","16":"purchasable","17":"product-type-simple"},"acf":[],"_links":{"self":[{"href":"https:\/\/velvetskin.ee\/en\/wp-json\/wp\/v2\/product\/2353","targetHints":{"allow":["GET"]}}],"collection":[{"href":"https:\/\/velvetskin.ee\/en\/wp-json\/wp\/v2\/product"}],"about":[{"href":"https:\/\/velvetskin.ee\/en\/wp-json\/wp\/v2\/types\/product"}],"version-history":[{"count":6,"href":"https:\/\/velvetskin.ee\/en\/wp-json\/wp\/v2\/product\/2353\/revisions"}],"predecessor-version":[{"id":3981,"href":"https:\/\/velvetskin.ee\/en\/wp-json\/wp\/v2\/product\/2353\/revisions\/3981"}],"wp:featuredmedia":[{"embeddable":true,"href":"https:\/\/velvetskin.ee\/en\/wp-json\/wp\/v2\/media\/4353"}],"wp:attachment":[{"href":"https:\/\/velvetskin.ee\/en\/wp-json\/wp\/v2\/media?parent=2353"}],"wp:term":[{"taxonomy":"product_brand","embeddable":true,"href":"https:\/\/velvetskin.ee\/en\/wp-json\/wp\/v2\/product_brand?post=2353"},{"taxonomy":"product_cat","embeddable":true,"href":"https:\/\/velvetskin.ee\/en\/wp-json\/wp\/v2\/product_cat?post=2353"},{"taxonomy":"product_tag","embeddable":true,"href":"https:\/\/velvetskin.ee\/en\/wp-json\/wp\/v2\/product_tag?post=2353"}],"curies":[{"name":"wp","href":"https:\/\/api.w.org\/{rel}","templated":true}]}}