{"id":254,"date":"2024-05-28T17:40:50","date_gmt":"2024-05-28T14:40:50","guid":{"rendered":"https:\/\/velvetskin.ee\/?post_type=product&#038;p=254"},"modified":"2026-02-09T11:50:24","modified_gmt":"2026-02-09T09:50:24","slug":"skin-solution-sos-cream-md","status":"publish","type":"product","link":"https:\/\/velvetskin.ee\/en\/product\/skin-solution-sos-cream-md\/","title":{"rendered":"Skin Solution SOS Cream MD"},"content":{"rendered":"<h4>A medical cream that protects and strengthens the skin's protective barrier.<\/h4>\n<p><strong>FAU Medical Protective and Strengthening Cream is classified in Korea as a Class II medical product and is designed to protect damaged skin from various external aggressors.<\/strong><\/p>\n<ul>\n<li>The Skin Barrier Strengthening Cream is certified as a medical product by the Korean National Institute for Safety Information for Medical Products and is sold in hospitals and pharmacies.<\/li>\n<li>This restorative treatment cream can be safely used by adults and children alike.<\/li>\n<li>The cream is suitable for use during acne treatment (antibiotics, roaccutane treatment, etc.).<\/li>\n<\/ul>\n<p>Specifically formulated for use where the skin's protective barrier is compromised: in the case of skin burns (first degree burns, sunburn), dry skin, itchy, inflamed, reddened and atopic skin.<\/p>\n<p><strong>Usage: <\/strong><br \/>\n- Apply an even layer of cream to the affected area.<br \/>\n- Repeat 1-4 times a day<\/p>","protected":false},"excerpt":{"rendered":"<p>Ravikreem tundlikule kuivale nahale. Meditsiiniline naha kaitsebarj\u00e4\u00e4ri kaitsev ja tugevdav kreem. Ravikreemi v\u00f5ivad julgelt kasutada nii t\u00e4iskasvanud kui ka lapsed. Kreem sobib\u00a0 kasutamiseks akne ravi ajal ( antibiootikumid, roaccutane ravi jms). 100g<\/p>","protected":false},"featured_media":1000,"template":"","meta":{"_acf_changed":false},"product_brand":[158],"product_cat":[169],"product_tag":[178,190,179,180,189],"class_list":{"0":"post-254","1":"product","2":"type-product","3":"status-publish","4":"has-post-thumbnail","6":"product_brand-fau","7":"product_cat-kreemid","8":"product_tag-akne-ja-akneilmingud","9":"product_tag-arritunud-ja-voi-kuiv-nahk","10":"product_tag-rasune-ja-kombineeritud-nahk","11":"product_tag-rosaatsea-ja-kuperroosa","12":"product_tag-tundlik","14":"first","15":"outofstock","16":"taxable","17":"shipping-taxable","18":"purchasable","19":"product-type-simple"},"acf":[],"_links":{"self":[{"href":"https:\/\/velvetskin.ee\/en\/wp-json\/wp\/v2\/product\/254","targetHints":{"allow":["GET"]}}],"collection":[{"href":"https:\/\/velvetskin.ee\/en\/wp-json\/wp\/v2\/product"}],"about":[{"href":"https:\/\/velvetskin.ee\/en\/wp-json\/wp\/v2\/types\/product"}],"version-history":[{"count":19,"href":"https:\/\/velvetskin.ee\/en\/wp-json\/wp\/v2\/product\/254\/revisions"}],"predecessor-version":[{"id":3924,"href":"https:\/\/velvetskin.ee\/en\/wp-json\/wp\/v2\/product\/254\/revisions\/3924"}],"wp:featuredmedia":[{"embeddable":true,"href":"https:\/\/velvetskin.ee\/en\/wp-json\/wp\/v2\/media\/1000"}],"wp:attachment":[{"href":"https:\/\/velvetskin.ee\/en\/wp-json\/wp\/v2\/media?parent=254"}],"wp:term":[{"taxonomy":"product_brand","embeddable":true,"href":"https:\/\/velvetskin.ee\/en\/wp-json\/wp\/v2\/product_brand?post=254"},{"taxonomy":"product_cat","embeddable":true,"href":"https:\/\/velvetskin.ee\/en\/wp-json\/wp\/v2\/product_cat?post=254"},{"taxonomy":"product_tag","embeddable":true,"href":"https:\/\/velvetskin.ee\/en\/wp-json\/wp\/v2\/product_tag?post=254"}],"curies":[{"name":"wp","href":"https:\/\/api.w.org\/{rel}","templated":true}]}}