{"id":2823,"date":"2025-01-24T17:07:02","date_gmt":"2025-01-24T15:07:02","guid":{"rendered":"https:\/\/velvetskin.ee\/?post_type=product&#038;p=2823"},"modified":"2025-12-10T10:46:51","modified_gmt":"2025-12-10T08:46:51","slug":"fau-shiny-pumpkin-travel-kit","status":"publish","type":"product","link":"https:\/\/velvetskin.ee\/en\/product\/fau-shiny-pumpkin-travel-kit\/","title":{"rendered":"Fau Shiny Pumpkin Travel Kit"},"content":{"rendered":"<p><strong>TOOTE OMADUSED<\/strong><\/p>\n<p><strong>Shiny Pumpkin Amino Therapy<\/strong> [Jume \u00fchtlustamine \u2022 Kortsudevastane &#8211; kahekordse toimega kosmeetikatoode] Proteiiniboosteri ampull \/ Elastsuse ja s\u00e4ra teraapia K\u00f5rvitsaekstrakti baasil valmistatud toode sisaldab aminohappeid, sojavalke, allantoiini ja h\u00fcaluroonhapet. Need rahustavad, niisutavad ja toitvad koostisosad aitavad nahka rahustada, parandada niiskuse s\u00e4ilimist ja pakkuda vajalikke toitaineid j\u00e4ttes naha pehmeks, niisutatuks ja siledaks. Kasuta toodet tooniku asemel. \u00dcks pumbat\u00e4is vahtu kanna nahale, vaht muutub koheselt veeks.<\/p>\n<p><strong>Shiny Pumpkin Repair Essence<\/strong> [Jume \u00fchtlustamine \u2022 Kortsudevastane &#8211; kahekordse toimega kosmeetikatoode] Niiskuse ja s\u00e4ra essents \/ Veekapsli lahendus Aminohapete ja k\u00f5rvitsaekstraktiga rikastatud essents, mis varustab nahka vajalike toitainetega ja tugevdab naha niiskusbarj\u00e4\u00e4ri, tagades terve ja s\u00e4rava naha. Kanna nahale peale Amino Therapy kandmist, masseeri kergelt nahale.<\/p>\n<p><strong>Shiny Pumpkin Cera Repair Cream<\/strong> [Jume \u00fchtlustamine \u2022 Kortsudevastane &#8211; kahekordse toimega kosmeetikatoode] Niiskusbarj\u00e4\u00e4ri tekitav kreem, 5-keramiidikompleksiga rikastatud toitev niisutav kreem tugevdab naha barj\u00e4\u00e4ri, parandades naha tihedust ja elastsust. Kanda nahale peale Repair Essence imendumist.<\/p>\n<p><strong>PEAMISED KOOSTISOSAD<\/strong><\/p>\n<p>Cucurbita Pepo (k\u00f5rvitsa) viljaekstrakt, allantoiin, adenosiin, niatsiinamiid, Butyrospermum Parkii (shea) v\u00f5i.<\/p>\n","protected":false},"excerpt":{"rendered":"<p>Jume \u00fchtlustamine, kortsudevastane &#8211; kahekordse toimega kosmeetikatooted.<br \/>\n\u2022 Shiny Pumpkin Amino Therapy 30ml<br \/>\n\u2022 Shiny Pumpkin Repair Essence 15ml<br \/>\n\u2022 Shiny Pumpkin Cera Repair Cream 10g<\/p>","protected":false},"featured_media":2825,"template":"","meta":{"_acf_changed":false},"product_brand":[158],"product_cat":[15],"product_tag":[181,182,186,180,183],"class_list":{"0":"post-2823","1":"product","2":"type-product","3":"status-publish","4":"has-post-thumbnail","6":"product_brand-fau","7":"product_cat-maaramata","8":"product_tag-esimesed-kortsud-30","9":"product_tag-kortsud-ja-lotvunud-nahk","10":"product_tag-pigmendiprobleemid","11":"product_tag-rosaatsea-ja-kuperroosa","12":"product_tag-tuhm-ja-sara-kaotanud-nahk","14":"first","15":"instock","16":"taxable","17":"shipping-taxable","18":"purchasable","19":"product-type-simple"},"acf":[],"_links":{"self":[{"href":"https:\/\/velvetskin.ee\/en\/wp-json\/wp\/v2\/product\/2823","targetHints":{"allow":["GET"]}}],"collection":[{"href":"https:\/\/velvetskin.ee\/en\/wp-json\/wp\/v2\/product"}],"about":[{"href":"https:\/\/velvetskin.ee\/en\/wp-json\/wp\/v2\/types\/product"}],"version-history":[{"count":5,"href":"https:\/\/velvetskin.ee\/en\/wp-json\/wp\/v2\/product\/2823\/revisions"}],"predecessor-version":[{"id":4006,"href":"https:\/\/velvetskin.ee\/en\/wp-json\/wp\/v2\/product\/2823\/revisions\/4006"}],"wp:featuredmedia":[{"embeddable":true,"href":"https:\/\/velvetskin.ee\/en\/wp-json\/wp\/v2\/media\/2825"}],"wp:attachment":[{"href":"https:\/\/velvetskin.ee\/en\/wp-json\/wp\/v2\/media?parent=2823"}],"wp:term":[{"taxonomy":"product_brand","embeddable":true,"href":"https:\/\/velvetskin.ee\/en\/wp-json\/wp\/v2\/product_brand?post=2823"},{"taxonomy":"product_cat","embeddable":true,"href":"https:\/\/velvetskin.ee\/en\/wp-json\/wp\/v2\/product_cat?post=2823"},{"taxonomy":"product_tag","embeddable":true,"href":"https:\/\/velvetskin.ee\/en\/wp-json\/wp\/v2\/product_tag?post=2823"}],"curies":[{"name":"wp","href":"https:\/\/api.w.org\/{rel}","templated":true}]}}