{"id":3102,"date":"2025-05-27T16:05:21","date_gmt":"2025-05-27T13:05:21","guid":{"rendered":"https:\/\/velvetskin.ee\/?post_type=product&#038;p=3102"},"modified":"2026-04-15T14:06:07","modified_gmt":"2026-04-15T11:06:07","slug":"exobio-eye-contour","status":"publish","type":"product","link":"https:\/\/velvetskin.ee\/en\/product\/exobio-eye-contour\/","title":{"rendered":"Exobio Eye Contour"},"content":{"rendered":"<p><b>Kontsentreeritud silma\u00fcmbrusgeel<\/b><span style=\"font-weight: 400;\"><br \/>\n<\/span><span style=\"font-weight: 400;\">V\u00e4hendab silmaaluseid turseid, tumedaid varje ja peenikesi kortsukesi. Taimset p\u00e4ritolu eksosoomidega rikastatud koostis stimuleerib rakkude uuenemist ning niisutab intensiivselt \u00f5rna silma\u00fcmbruse nahka. Aktiivainete s\u00fcnergiline kooslus aitab siluda joonekesi, toidab ja taastab nahka.<\/span><\/p>\n<p><b>Peamised eelised:<\/b><\/p>\n<ul>\n<li style=\"font-weight: 400;\" aria-level=\"1\"><span style=\"font-weight: 400;\">V\u00e4hendab turseid ja silmaaluseid kotte<\/span><\/li>\n<li style=\"font-weight: 400;\" aria-level=\"1\"><span style=\"font-weight: 400;\">Pehmendab tumedaid silmaaluseid<\/span><\/li>\n<li style=\"font-weight: 400;\" aria-level=\"1\"><span style=\"font-weight: 400;\">Toetab naha uuenemisprotsessi<\/span><\/li>\n<li style=\"font-weight: 400;\" aria-level=\"1\"><span style=\"font-weight: 400;\">Niisutab ja toidab s\u00fcgavuti<\/span><\/li>\n<li style=\"font-weight: 400;\" aria-level=\"1\"><span style=\"font-weight: 400;\">Silub peeneid kortsukesi<\/span><\/li>\n<\/ul>\n<p><b>Aktiivained:<\/b><\/p>\n<ul>\n<li style=\"font-weight: 400;\" aria-level=\"1\"><b>Taimset p\u00e4ritolu eksosoomid<\/b><span style=\"font-weight: 400;\"> \u2013 stimuleerivad rakkude taastumist<\/span><\/li>\n<li style=\"font-weight: 400;\" aria-level=\"1\"><b>Niatsiinamiid<\/b><span style=\"font-weight: 400;\"> \u2013 \u00fchtlustab tooni ja tugevdab naha kaitsebarj\u00e4\u00e4ri<\/span><\/li>\n<li style=\"font-weight: 400;\" aria-level=\"1\"><b>Kofeiin<\/b><span style=\"font-weight: 400;\"> \u2013 v\u00e4hendab turseid ja ergutab mikrovereringet<\/span><\/li>\n<li style=\"font-weight: 400;\" aria-level=\"1\"><b>Biof\u00fctoonne kompleks<\/b><span style=\"font-weight: 400;\"> \u2013 pakub antioks\u00fcdantset kaitset ja rahustavat toimet<\/span><\/li>\n<\/ul>\n<p><b>Usage:<\/b><span style=\"font-weight: 400;\"><br \/>\n<\/span><span style=\"font-weight: 400;\">Kanna kummalegi silmale riisitera suurune kogus geeli ning tupsuta \u00f5rnalt s\u00f5rmeotstega kuni imendumiseni. Kasuta hommikul ja\/v\u00f5i \u00f5htul.<\/span><\/p>\n<p><b>Ettevaatusabin\u00f5ud:<\/b><span style=\"font-weight: 400;\"><br \/>\n<\/span><span style=\"font-weight: 400;\">V\u00e4ldi kontakti limaskestade ja haavadega.<\/span><\/p>","protected":false},"excerpt":{"rendered":"<p data-start=\"2157\" data-end=\"2295\">Kontsentreeritud silma\u00fcmbrusgeel, mis v\u00e4hendab turseid, varje ja kortsukesi. Taimset p\u00e4ritolu eksosoomidega koostis.<\/p>","protected":false},"featured_media":3103,"template":"","meta":{"_acf_changed":false},"product_brand":[159],"product_cat":[170],"product_tag":[181,182,179,180,187,183],"class_list":{"0":"post-3102","1":"product","2":"type-product","3":"status-publish","4":"has-post-thumbnail","6":"product_brand-inlab","7":"product_cat-silmaumbruse-hooldus","8":"product_tag-esimesed-kortsud-30","9":"product_tag-kortsud-ja-lotvunud-nahk","10":"product_tag-rasune-ja-kombineeritud-nahk","11":"product_tag-rosaatsea-ja-kuperroosa","12":"product_tag-silmaumbruse-probleemid","13":"product_tag-tuhm-ja-sara-kaotanud-nahk","15":"first","16":"instock","17":"taxable","18":"shipping-taxable","19":"purchasable","20":"product-type-simple"},"acf":[],"_links":{"self":[{"href":"https:\/\/velvetskin.ee\/en\/wp-json\/wp\/v2\/product\/3102","targetHints":{"allow":["GET"]}}],"collection":[{"href":"https:\/\/velvetskin.ee\/en\/wp-json\/wp\/v2\/product"}],"about":[{"href":"https:\/\/velvetskin.ee\/en\/wp-json\/wp\/v2\/types\/product"}],"version-history":[{"count":2,"href":"https:\/\/velvetskin.ee\/en\/wp-json\/wp\/v2\/product\/3102\/revisions"}],"predecessor-version":[{"id":4020,"href":"https:\/\/velvetskin.ee\/en\/wp-json\/wp\/v2\/product\/3102\/revisions\/4020"}],"wp:featuredmedia":[{"embeddable":true,"href":"https:\/\/velvetskin.ee\/en\/wp-json\/wp\/v2\/media\/3103"}],"wp:attachment":[{"href":"https:\/\/velvetskin.ee\/en\/wp-json\/wp\/v2\/media?parent=3102"}],"wp:term":[{"taxonomy":"product_brand","embeddable":true,"href":"https:\/\/velvetskin.ee\/en\/wp-json\/wp\/v2\/product_brand?post=3102"},{"taxonomy":"product_cat","embeddable":true,"href":"https:\/\/velvetskin.ee\/en\/wp-json\/wp\/v2\/product_cat?post=3102"},{"taxonomy":"product_tag","embeddable":true,"href":"https:\/\/velvetskin.ee\/en\/wp-json\/wp\/v2\/product_tag?post=3102"}],"curies":[{"name":"wp","href":"https:\/\/api.w.org\/{rel}","templated":true}]}}