{"id":3105,"date":"2025-05-27T16:09:24","date_gmt":"2025-05-27T13:09:24","guid":{"rendered":"https:\/\/velvetskin.ee\/?post_type=product&#038;p=3105"},"modified":"2026-04-02T13:16:29","modified_gmt":"2026-04-02T10:16:29","slug":"exobio-pure-serum","status":"publish","type":"product","link":"https:\/\/velvetskin.ee\/en\/product\/exobio-pure-serum\/","title":{"rendered":"Exobio Pure Serum"},"content":{"rendered":"<p><b>Eksosoomidega seerum n\u00e4onahale<\/b><\/p>\n<p><span style=\"font-weight: 400;\"><br \/>\n<\/span><span style=\"font-weight: 400;\">Ainulaadse koostisega seerum, mis \u00fchendab taimset p\u00e4ritolu eksosoomid, centella asiatica ja niatsiinamiidi. See uuendab, niisutab intensiivselt ja stimuleerib rakkude uuenemist, andes nahale nooruslikuma ilme.<\/span><\/p>\n<p><b>Peamised eelised:<\/b><\/p>\n<ul>\n<li style=\"font-weight: 400;\" aria-level=\"1\"><span style=\"font-weight: 400;\">Taastab ja noorendab nahka<\/span><\/li>\n<li style=\"font-weight: 400;\" aria-level=\"1\"><span style=\"font-weight: 400;\">Pakub s\u00fcgavniisutust<\/span><\/li>\n<li style=\"font-weight: 400;\" aria-level=\"1\"><span style=\"font-weight: 400;\">Soodustab rakkude uuenemist<\/span><\/li>\n<li style=\"font-weight: 400;\" aria-level=\"1\"><span style=\"font-weight: 400;\">Parandab naha tekstuuri ja s\u00e4ra<\/span><\/li>\n<\/ul>\n<p><b>Aktiivained:<\/b><\/p>\n<ul>\n<li style=\"font-weight: 400;\" aria-level=\"1\"><b>Taimset p\u00e4ritolu eksosoomid<\/b><span style=\"font-weight: 400;\"> \u2013 stimuleerivad naha taastumist<\/span><\/li>\n<li style=\"font-weight: 400;\" aria-level=\"1\"><b>Centella Asiatica<\/b><span style=\"font-weight: 400;\"> \u2013 rahustab, tugevdab ja parandab nahka<\/span><\/li>\n<li style=\"font-weight: 400;\" aria-level=\"1\"><b>Niatsiinamiid<\/b><span style=\"font-weight: 400;\"> \u2013 \u00fchtlustab nahatooni ja tugevdab nahabarj\u00e4\u00e4ri<\/span><\/li>\n<li style=\"font-weight: 400;\" aria-level=\"1\"><b>Vitamin E<\/b><span style=\"font-weight: 400;\"> \u2013 antioks\u00fcdant, mis kaitseb ja niisutab<\/span><\/li>\n<\/ul>\n<p><b>Usage:<\/b><span style=\"font-weight: 400;\"><br \/>\n<\/span><span style=\"font-weight: 400;\">Kanna seerumit n\u00e4ole, kaelale ja dekolteele, masseerides \u00f5rnalt kuni imendumiseni hommikul ja\/v\u00f5i \u00f5htul<\/span><\/p>\n<p><b>Ettevaatusabin\u00f5ud:<\/b><span style=\"font-weight: 400;\"><br \/>\n<\/span><span style=\"font-weight: 400;\">V\u00e4ldi kontakti limaskestade ja haavadega.<\/span><\/p>","protected":false},"excerpt":{"rendered":"<p>Eksosoomidega seerum n\u00e4onahale. Uuendab ja niisutab nahka intensiivselt ning parandab s\u00e4ra.<\/p>","protected":false},"featured_media":3113,"template":"","meta":{"_acf_changed":false},"product_brand":[159],"product_cat":[167],"product_tag":[181,182,179,180,183],"class_list":{"0":"post-3105","1":"product","2":"type-product","3":"status-publish","4":"has-post-thumbnail","6":"product_brand-inlab","7":"product_cat-seerumid","8":"product_tag-esimesed-kortsud-30","9":"product_tag-kortsud-ja-lotvunud-nahk","10":"product_tag-rasune-ja-kombineeritud-nahk","11":"product_tag-rosaatsea-ja-kuperroosa","12":"product_tag-tuhm-ja-sara-kaotanud-nahk","14":"first","15":"instock","16":"taxable","17":"shipping-taxable","18":"purchasable","19":"product-type-simple"},"acf":[],"_links":{"self":[{"href":"https:\/\/velvetskin.ee\/en\/wp-json\/wp\/v2\/product\/3105","targetHints":{"allow":["GET"]}}],"collection":[{"href":"https:\/\/velvetskin.ee\/en\/wp-json\/wp\/v2\/product"}],"about":[{"href":"https:\/\/velvetskin.ee\/en\/wp-json\/wp\/v2\/types\/product"}],"version-history":[{"count":2,"href":"https:\/\/velvetskin.ee\/en\/wp-json\/wp\/v2\/product\/3105\/revisions"}],"predecessor-version":[{"id":4021,"href":"https:\/\/velvetskin.ee\/en\/wp-json\/wp\/v2\/product\/3105\/revisions\/4021"}],"wp:featuredmedia":[{"embeddable":true,"href":"https:\/\/velvetskin.ee\/en\/wp-json\/wp\/v2\/media\/3113"}],"wp:attachment":[{"href":"https:\/\/velvetskin.ee\/en\/wp-json\/wp\/v2\/media?parent=3105"}],"wp:term":[{"taxonomy":"product_brand","embeddable":true,"href":"https:\/\/velvetskin.ee\/en\/wp-json\/wp\/v2\/product_brand?post=3105"},{"taxonomy":"product_cat","embeddable":true,"href":"https:\/\/velvetskin.ee\/en\/wp-json\/wp\/v2\/product_cat?post=3105"},{"taxonomy":"product_tag","embeddable":true,"href":"https:\/\/velvetskin.ee\/en\/wp-json\/wp\/v2\/product_tag?post=3105"}],"curies":[{"name":"wp","href":"https:\/\/api.w.org\/{rel}","templated":true}]}}