{"id":4110,"date":"2026-01-06T15:26:04","date_gmt":"2026-01-06T13:26:04","guid":{"rendered":"https:\/\/velvetskin.ee\/?post_type=product&#038;p=4110"},"modified":"2026-01-06T15:26:04","modified_gmt":"2026-01-06T13:26:04","slug":"col-du-marine-looduslik-merekaltsium-punavetikast","status":"publish","type":"product","link":"https:\/\/velvetskin.ee\/en\/product\/col-du-marine-looduslik-merekaltsium-punavetikast\/","title":{"rendered":"Col Du Marine Looduslik merekaltsium punavetikast"},"content":{"rendered":"<p data-start=\"655\" data-end=\"965\"><strong data-start=\"655\" data-end=\"688\">Col du Marine\u2122 Marine Calcium<\/strong>\u00a0on premium-klassi taimne kaltsiumilisand, mis on saadud P\u00f5hja-Atlandi mineraalirikastes vetes kasvavast punavetikast\u00a0<em data-start=\"806\" data-end=\"831\">Lithothamnion calcareum<\/em>. IceCal L\u2122 on tuntud oma erakordselt hea biosaadavuse poolest \u2013 keha omastab selle loodusliku mineraalmaatriksi kergesti ja t\u00f5husalt.<\/p>\n<p data-start=\"967\" data-end=\"1306\">Punavetika kaltsium ei ole vaid kaltsium \u2013\u00a0<strong>see on\u00a0<em data-start=\"1017\" data-end=\"1052\">t\u00e4ielik multimineriaalne kompleks<\/em>.<\/strong>\u00a0IceCal L\u2122 sisaldab looduslikult tasakaalus\u00a0<strong data-start=\"1097\" data-end=\"1147\">kaltsiumi, magneesiumi ja \u00fcle 70 mikroelemendi<\/strong>, nagu jood, tsink, seleen, mangaan, boor ja r\u00e4ni. Need mineraalid toimivad koostoimes, toetades luude tervist, lihaste t\u00f6\u00f6d, n\u00e4rvis\u00fcsteemi ja energiavahetust.<\/p>\n<p data-start=\"1308\" data-end=\"1330\"><strong data-start=\"1308\" data-end=\"1328\">Milleks kasulik?<\/strong><\/p>\n<p data-start=\"1308\" data-end=\"1330\"><strong><span class=\"a_GcMg font-feature-liga-off font-feature-clig-off font-feature-calt-off text-decoration-none text-strikethrough-none\">Looduslik kaltsium 912 mg ( 3 kapslit)<\/span><\/strong><\/p>\n<ul>\n<li><strong><span class=\"a_GcMg font-feature-liga-off font-feature-clig-off font-feature-calt-off text-decoration-none text-strikethrough-none\">Tugevad luud ja hambad<\/span><\/strong><span class=\"a_GcMg font-feature-liga-off font-feature-clig-off font-feature-calt-off text-decoration-none text-strikethrough-none\">\u2013 kaltsium on luukoe p\u00f5hikomponent, hoiab luud tugevad ja aitab s\u00e4ilitada luutihedust igas vanuses.<\/span><\/li>\n<li><strong><span class=\"a_GcMg font-feature-liga-off font-feature-clig-off font-feature-calt-off text-decoration-none text-strikethrough-none\">Lihaste t\u00f6\u00f6<\/span><\/strong><span class=\"a_GcMg font-feature-liga-off font-feature-clig-off font-feature-calt-off text-decoration-none text-strikethrough-none\">\u2013 iga lihase kokkut\u00f5mme \u2013 sh s\u00fcdamelihas \u2013 vajab kaltsiumi. Aitab v\u00e4ltida pingeid ja krampe.<\/span><\/li>\n<li><strong><span class=\"a_GcMg font-feature-liga-off font-feature-clig-off font-feature-calt-off text-decoration-none text-strikethrough-none\">N\u00e4rvi\u00fclekanne<\/span><\/strong><span class=\"a_GcMg font-feature-liga-off font-feature-clig-off font-feature-calt-off text-decoration-none text-strikethrough-none\">\u2013 toetab n\u00e4rvis\u00fcsteemi signaalide edastamist, aidates kaasa lihaste ja n\u00e4rvirakkude normaalsele toimimisele.<\/span><\/li>\n<li><strong><span class=\"a_GcMg font-feature-liga-off font-feature-clig-off font-feature-calt-off text-decoration-none text-strikethrough-none\">S\u00fcdame tervis<\/span><\/strong><span class=\"a_GcMg font-feature-liga-off font-feature-clig-off font-feature-calt-off text-decoration-none text-strikethrough-none\">\u2013 oluline s\u00fcdamer\u00fctmi ja s\u00fcdamelihase t\u00f6\u00f6 jaoks. Toimib koos magneesiumiga.<\/span><\/li>\n<li><strong><span class=\"a_GcMg font-feature-liga-off font-feature-clig-off font-feature-calt-off text-decoration-none text-strikethrough-none\">Vere h\u00fc\u00fcbimine<\/span><\/strong><span class=\"a_GcMg font-feature-liga-off font-feature-clig-off font-feature-calt-off text-decoration-none text-strikethrough-none\">\u2013 osaleb vere h\u00fc\u00fcbimises, aidates kehal haavu sulgeda ja taastuda.<\/span><\/li>\n<li><strong><span class=\"a_GcMg font-feature-liga-off font-feature-clig-off font-feature-calt-off text-decoration-none text-strikethrough-none\">Rakkude energia ja ainevahetus<\/span><\/strong><span class=\"a_GcMg font-feature-liga-off font-feature-clig-off font-feature-calt-off text-decoration-none text-strikethrough-none\">-toetab ens\u00fc\u00fcmide t\u00f6\u00f6d ja energia tootmist rakkudes, aidates hoida keha eluj\u00f5ulisena.<\/span><\/li>\n<\/ul>\n<p><strong><span class=\"a_GcMg font-feature-liga-off font-feature-clig-off font-feature-calt-off text-decoration-none text-strikethrough-none\">Looduslik magneesium 62,7 mg<\/span><\/strong><\/p>\n<ul>\n<li><strong><span class=\"a_GcMg font-feature-liga-off font-feature-clig-off font-feature-calt-off text-decoration-none text-strikethrough-none\">Toetab n\u00e4rvis\u00fcsteemi<\/span><\/strong><span class=\"a_GcMg font-feature-liga-off font-feature-clig-off font-feature-calt-off text-decoration-none text-strikethrough-none\">\u2013 aitab hoida n\u00e4rvirakkude t\u00f6\u00f6 stabiilsena, toetab rahulikku meeleolu ja paremat und.<\/span><\/li>\n<li><strong><span class=\"a_GcMg font-feature-liga-off font-feature-clig-off font-feature-calt-off text-decoration-none text-strikethrough-none\">Tagab lihaste normaalse t\u00f6\u00f6<\/span><\/strong><span class=\"a_GcMg font-feature-liga-off font-feature-clig-off font-feature-calt-off text-decoration-none text-strikethrough-none\">\u2013 oluline lihaste kokkut\u00f5mbumiseks ja l\u00f5dvestumiseks, aitab v\u00e4ltida pingeid ja krampe.<\/span><\/li>\n<li><strong><span class=\"a_GcMg font-feature-liga-off font-feature-clig-off font-feature-calt-off text-decoration-none text-strikethrough-none\">Aitab toota energiat<\/span><\/strong><span class=\"a_GcMg font-feature-liga-off font-feature-clig-off font-feature-calt-off text-decoration-none text-strikethrough-none\">\u2013 osaleb rakuenergiat tootvate ens\u00fc\u00fcmide t\u00f6\u00f6s, aidates ennetada v\u00e4simust ja kurnatust.<\/span><\/li>\n<li><strong><span class=\"a_GcMg font-feature-liga-off font-feature-clig-off font-feature-calt-off text-decoration-none text-strikethrough-none\">Hoiab s\u00fcdame t\u00f6\u00f6d tasakaalus<\/span><\/strong><span class=\"a_GcMg font-feature-liga-off font-feature-clig-off font-feature-calt-off text-decoration-none text-strikethrough-none\">\u2013 toetab normaalset s\u00fcdamer\u00fctmi ja verer\u00f5hu tasakaalu koos teiste elektrol\u00fc\u00fctidega.<\/span><\/li>\n<li><strong><span class=\"a_GcMg font-feature-liga-off font-feature-clig-off font-feature-calt-off text-decoration-none text-strikethrough-none\">Soodustab luude tervist<\/span><\/strong><span class=\"a_GcMg font-feature-liga-off font-feature-clig-off font-feature-calt-off text-decoration-none text-strikethrough-none\"><strong>\u2013<\/strong>\u00a0aitab kaltsiumil luudesse j\u00f5uda ja toetab luukoe uuenemist, oluline D-vitamiini ainevahetuses.<\/span><\/li>\n<li><strong><span class=\"a_GcMg font-feature-liga-off font-feature-clig-off font-feature-calt-off text-decoration-none text-strikethrough-none\">Toetab ainevahetuse ja veresuhkru tasakaalu<\/span><\/strong><span class=\"a_GcMg font-feature-liga-off font-feature-clig-off font-feature-calt-off text-decoration-none text-strikethrough-none\">\u2013 osaleb gl\u00fckoosi ainevahetuses ja aitab hoida vere suhkrutaset stabiilsena.<\/span><\/li>\n<\/ul>\n<p data-start=\"1595\" data-end=\"1814\"><strong>Toote eelised:<\/strong><\/p>\n<p data-start=\"1595\" data-end=\"1814\">On\u00a0<strong data-start=\"1604\" data-end=\"1623\">\u00f5rn seedimisele<\/strong>\u00a0ja sobib suurep\u00e4raselt inimestele, kes ei tarbi piimatooteid v\u00f5i vajavad taimset mineraaliallikat.<\/p>\n<p data-start=\"2207\" data-end=\"2229\"><strong data-start=\"2214\" data-end=\"2229\">Koostisosad:<\/strong><\/p>\n<p>IceCal L\u2122 punavetikapulber: 2850 mg<\/p>\n<p>Kaltsium (kaltsiumkarbonaadina) \u2013 912 mg<\/p>\n<p>Magneesium (magneesiumkarbonaadina) \u2013 62,7 mg<\/p>\n<p>Kapslikoor \u2013 h\u00fcdroks\u00fcprop\u00fc\u00fclmet\u00fc\u00fcltselluloos (vegan)<\/p>\n<p><strong>NB!\u00a0<\/strong><strong>Ei sisalda kunstlikke v\u00e4rv- ega s\u00e4ilitusaineid, laktoosi, gluteeni, t\u00e4rklist, p\u00e4rmi ega GMO-sid, loomseid koostisosi.<\/strong><\/p>\n<p data-start=\"1816\" data-end=\"2062\"><strong data-start=\"1816\" data-end=\"1841\">P\u00e4ritolu ja kvaliteet<\/strong><br data-start=\"1841\" data-end=\"1844\" \/>Punavetikad korjatakse Islandi l\u00e4histelt puhtast P\u00f5hja-Atlandist ning toode valmistatakse Euroopa Liidus rangete kvaliteedistandardite j\u00e4rgi. Iga partii on laboratoorselt testitud ja omab anal\u00fc\u00fcside sertifikaati (CoA).<\/p>\n<p data-start=\"1816\" data-end=\"2062\"><strong data-start=\"2196\" data-end=\"2222\">Soovitatav kasutamine:<\/strong><br data-start=\"2222\" data-end=\"2225\" \/>3 kapslit p\u00e4evas koos toiduga.<\/p>\n<p data-start=\"2261\" data-end=\"2309\"><strong data-start=\"2261\" data-end=\"2272\">Pakend:<\/strong>\u00a0150 kapslit<\/p>","protected":false},"excerpt":{"rendered":"<p>Col du Marine\u2122 Marine Calcium\u00a0on premium-klassi taimne kaltsiumilisand, mis on saadud P\u00f5hja-Atlandi mineraalirikastes vetes kasvavast punavetikast\u00a0Lithothamnion calcareum. IceCal L\u2122 on tuntud oma erakordselt hea biosaadavuse poolest \u2013 keha omastab selle loodusliku mineraalmaatriksi kergesti ja t\u00f5husalt. Punavetika kaltsium ei ole vaid kaltsium \u2013\u00a0see on\u00a0t\u00e4ielik multimineriaalne kompleks.\u00a0IceCal L\u2122 sisaldab looduslikult tasakaalus\u00a0kaltsiumi, magneesiumi ja \u00fcle 70 mikroelemendi, nagu [&hellip;]<\/p>\n","protected":false},"featured_media":4130,"template":"","meta":{"_acf_changed":false},"product_brand":[195],"product_cat":[194],"product_tag":[],"class_list":{"0":"post-4110","1":"product","2":"type-product","3":"status-publish","4":"has-post-thumbnail","6":"product_brand-col-du-marine","7":"product_cat-toidulisandid","9":"first","10":"instock","11":"taxable","12":"shipping-taxable","13":"purchasable","14":"product-type-simple"},"acf":[],"_links":{"self":[{"href":"https:\/\/velvetskin.ee\/en\/wp-json\/wp\/v2\/product\/4110","targetHints":{"allow":["GET"]}}],"collection":[{"href":"https:\/\/velvetskin.ee\/en\/wp-json\/wp\/v2\/product"}],"about":[{"href":"https:\/\/velvetskin.ee\/en\/wp-json\/wp\/v2\/types\/product"}],"version-history":[{"count":2,"href":"https:\/\/velvetskin.ee\/en\/wp-json\/wp\/v2\/product\/4110\/revisions"}],"predecessor-version":[{"id":4135,"href":"https:\/\/velvetskin.ee\/en\/wp-json\/wp\/v2\/product\/4110\/revisions\/4135"}],"wp:featuredmedia":[{"embeddable":true,"href":"https:\/\/velvetskin.ee\/en\/wp-json\/wp\/v2\/media\/4130"}],"wp:attachment":[{"href":"https:\/\/velvetskin.ee\/en\/wp-json\/wp\/v2\/media?parent=4110"}],"wp:term":[{"taxonomy":"product_brand","embeddable":true,"href":"https:\/\/velvetskin.ee\/en\/wp-json\/wp\/v2\/product_brand?post=4110"},{"taxonomy":"product_cat","embeddable":true,"href":"https:\/\/velvetskin.ee\/en\/wp-json\/wp\/v2\/product_cat?post=4110"},{"taxonomy":"product_tag","embeddable":true,"href":"https:\/\/velvetskin.ee\/en\/wp-json\/wp\/v2\/product_tag?post=4110"}],"curies":[{"name":"wp","href":"https:\/\/api.w.org\/{rel}","templated":true}]}}