{"id":4309,"date":"2026-02-02T20:26:43","date_gmt":"2026-02-02T18:26:43","guid":{"rendered":"https:\/\/velvetskin.ee\/?post_type=product&#038;p=4309"},"modified":"2026-03-31T15:23:16","modified_gmt":"2026-03-31T12:23:16","slug":"adrn-pro-eye-contour-cream","status":"publish","type":"product","link":"https:\/\/velvetskin.ee\/en\/product\/adrn-pro-eye-contour-cream\/","title":{"rendered":"ADRN Pro Eye Contour Cream"},"content":{"rendered":"<p>Elustav ja taastav silma\u00fcmbruskreem, mis on formuleeritud l\u00f5he PDRN-i ja niatsiinamiidiga<br \/>\n\u2013 aktiivainetega, mis on tuntud oma regenereerivate ja antioks\u00fcdantsete omaduste poolest.<\/p>\n<p>Kerge ja kiiresti imenduv tekstuur pakub s\u00fcgavniisutust ning kohest mugavustunnet,<br \/>\nparandades n\u00e4htavalt silma\u00fcmbruse s\u00e4ra ja pingulolekut.<br \/>\nValge v\u00e4rvus ja meeldiv, mahe tsitruseline aroom loovad v\u00e4rskuse ja heaolutunde.<\/p>\n<h3><strong>Aktiivained<\/strong><\/h3>\n<p><strong>Sodium DNA (Salmon PDRN)<\/strong><\/p>\n<p>Toime: regenereeriv, taastav ja pinguldav<br \/>\n\u2022 Stimuleerib rakkude uuenemist ja kollageeni s\u00fcnteesi<br \/>\n\u2022 Parandab naha elastsust ja kudede taastumist<br \/>\n\u2022 Aitab v\u00e4hendada peente kortsude n\u00e4htavust<\/p>\n<p><strong>Niatsiinamiid (Vitamiin B3)<\/strong><\/p>\n<p>Toime: nahatooni \u00fchtlustav, tumedaid silmaaluseid v\u00e4hendav, nahabarj\u00e4\u00e4ri tugevdav<br \/>\n\u2022 Parandab naha niiskussidumist<br \/>\n\u2022 V\u00e4hendab pigmentatsiooni ja tumedaid silmaaluseid<br \/>\n\u2022 Annab puhanud ja kirkama ilme<\/p>\n<p><strong>Dunaliella Salina ekstrakt<\/strong><\/p>\n<p>Toime: antioks\u00fcdantne ja rakke kaitsev<br \/>\n\u2022 Kaitseb fotovananemise eest<br \/>\n\u2022 Suurendab naha eluj\u00f5udu ja s\u00e4ra<br \/>\n\u2022 Tugevdab naha vastupanuv\u00f5imet<\/p>\n<p><strong>Skvalaan<\/strong><\/p>\n<p>Toime: niisutav ja kaitsev<br \/>\n\u2022 Taastab lipiidbarj\u00e4\u00e4ri<br \/>\n\u2022 Hoiab \u00e4ra deh\u00fcdratsiooni<br \/>\n\u2022 Annab siidise tunde ilma rasvasuseta<\/p>\n<p><strong>Inca Inchi \u00f5li (Plukenetia Volubilis)<\/strong><\/p>\n<p>Toime: toitev ja taastav<br \/>\n\u2022 Rikas oomega-3, -6 ja -9 rasvhapete poolest<br \/>\n\u2022 Tugevdab nahabarj\u00e4\u00e4ri<br \/>\n\u2022 Sobib eriti h\u00e4sti kuivale ja \u00f5hukesele nahale<\/p>\n<p><strong>Tokoferool (Vitamiin E)<\/strong><\/p>\n<p>Toime: antioks\u00fcdantne ja vananemisvastane<br \/>\n\u2022 Kaitseb rakke oks\u00fcdatiivse stressi eest<br \/>\n\u2022 Toetab teiste antioks\u00fcdantide toimet<\/p>\n<p>Tehnilised andmed<\/p>\n<p>\u2022 Maht: 20 ml<br \/>\n\u2022 Tekstuur: kerge geel-kreem<br \/>\n\u2022 Sobivus: k\u00f5ik nahat\u00fc\u00fcbid, sh tundlik nahk<\/p>","protected":false},"excerpt":{"rendered":"<p>Elustav ja taastav silma\u00fcmbruskreem, mis on formuleeritud l\u00f5he PDRN-i ja niatsiinamiidiga \u2013 aktiivainetega, mis on tuntud oma regenereerivate ja antioks\u00fcdantsete omaduste poolest. Kerge ja kiiresti imenduv tekstuur pakub s\u00fcgavniisutust ning kohest mugavustunnet, parandades n\u00e4htavalt silma\u00fcmbruse s\u00e4ra ja pingulolekut. Valge v\u00e4rvus ja meeldiv, mahe tsitruseline aroom loovad v\u00e4rskuse ja heaolutunde. Aktiivained Sodium DNA (Salmon PDRN) Toime: [&hellip;]<\/p>\n","protected":false},"featured_media":4314,"template":"","meta":{"_acf_changed":false},"product_brand":[198],"product_cat":[15,170],"product_tag":[],"class_list":{"0":"post-4309","1":"product","2":"type-product","3":"status-publish","4":"has-post-thumbnail","6":"product_brand-adrn-pro-sari","7":"product_cat-maaramata","8":"product_cat-silmaumbruse-hooldus","10":"first","11":"outofstock","12":"taxable","13":"shipping-taxable","14":"purchasable","15":"product-type-simple"},"acf":[],"_links":{"self":[{"href":"https:\/\/velvetskin.ee\/en\/wp-json\/wp\/v2\/product\/4309","targetHints":{"allow":["GET"]}}],"collection":[{"href":"https:\/\/velvetskin.ee\/en\/wp-json\/wp\/v2\/product"}],"about":[{"href":"https:\/\/velvetskin.ee\/en\/wp-json\/wp\/v2\/types\/product"}],"version-history":[{"count":2,"href":"https:\/\/velvetskin.ee\/en\/wp-json\/wp\/v2\/product\/4309\/revisions"}],"predecessor-version":[{"id":4318,"href":"https:\/\/velvetskin.ee\/en\/wp-json\/wp\/v2\/product\/4309\/revisions\/4318"}],"wp:featuredmedia":[{"embeddable":true,"href":"https:\/\/velvetskin.ee\/en\/wp-json\/wp\/v2\/media\/4314"}],"wp:attachment":[{"href":"https:\/\/velvetskin.ee\/en\/wp-json\/wp\/v2\/media?parent=4309"}],"wp:term":[{"taxonomy":"product_brand","embeddable":true,"href":"https:\/\/velvetskin.ee\/en\/wp-json\/wp\/v2\/product_brand?post=4309"},{"taxonomy":"product_cat","embeddable":true,"href":"https:\/\/velvetskin.ee\/en\/wp-json\/wp\/v2\/product_cat?post=4309"},{"taxonomy":"product_tag","embeddable":true,"href":"https:\/\/velvetskin.ee\/en\/wp-json\/wp\/v2\/product_tag?post=4309"}],"curies":[{"name":"wp","href":"https:\/\/api.w.org\/{rel}","templated":true}]}}