{"id":4319,"date":"2026-02-02T20:36:32","date_gmt":"2026-02-02T18:36:32","guid":{"rendered":"https:\/\/velvetskin.ee\/?post_type=product&#038;p=4319"},"modified":"2026-03-31T13:12:34","modified_gmt":"2026-03-31T10:12:34","slug":"adrn-pro-facial-cream","status":"publish","type":"product","link":"https:\/\/velvetskin.ee\/en\/product\/adrn-pro-facial-cream\/","title":{"rendered":"ADRN Pro Facial Cream"},"content":{"rendered":"<p>Taastav ja vananemisvastane n\u00e4okreem PDRN-iga (l\u00f5he DNA), kerge ja siidise tekstuuriga.<br \/>\nTaimsete lipiidide, antioks\u00fcdantide ja niisutavate komponentide kooslus pakub terviklikku<br \/>\nvananemisvastast hooldust, j\u00e4ttes naha pehmeks, elastseks ja s\u00e4ravaks.<br \/>\n\u00d5rn lilleline-tsitruseline aroom ja sametine l\u00f5pptulemus.<\/p>\n<h3><strong>Aktiivained<\/strong><\/h3>\n<p><strong>Sodium DNA (Salmon PDRN) \u2013 0,05%<\/strong><\/p>\n<p>\u2022 Stimuleerib rakkude uuenemist ja kollageeni s\u00fcnteesi<br \/>\n\u2022 Parandab naha elastsust ja tekstuuri<br \/>\n\u2022 V\u00e4hendab vananemism\u00e4rke<\/p>\n<p><strong>Niatsiinamiid (Vitamiin B3) \u2013 2%<\/strong><\/p>\n<p>\u2022 Tugevdab nahabarj\u00e4\u00e4ri ja niisutatust<br \/>\n\u2022 Reguleerib rasueritust<br \/>\n\u2022 Rahustab punetust ja \u00e4rritust<\/p>\n<p><strong>Dunaliella Salina ekstrakt \u2013 1,5%<\/strong><\/p>\n<p>\u2022 Kaitseb keskkonnastressi eest<br \/>\n\u2022 \u00dchtlustab nahatooni<br \/>\n\u2022 Suurendab naha vastupidavust<\/p>\n<p><strong>Magusmandli\u00f5li \u2013 5%<\/strong><\/p>\n<p>\u2022Toidab ja pehmendab nahka<br \/>\n\u2022 Parandab elastsust<br \/>\n\u2022 Ei j\u00e4ta rasvast tunnet<\/p>\n<p><strong>Gl\u00fctseriin<\/strong><\/p>\n<p>\u2022 Seob niiskust epidermises<br \/>\n\u2022 Annab kohese mugavustunde<\/p>\n<p><strong>Soja\u00f5li<\/strong><\/p>\n<p>\u2022 Taimne antioks\u00fcdantne \u00f5li<br \/>\n\u2022 Tugevdab naha kaitsev\u00f5imet<\/p>\n<p>Tehnilised andmed<\/p>\n<p>\u2022 Maht: 50 ml<br \/>\n\u2022 Tekstuur: kerge emulsioonkreem<br \/>\n\u2022 Sobivus: k\u00f5ik nahat\u00fc\u00fcbid, eriti k\u00fcps ja deh\u00fcdreeritud nahk<\/p>","protected":false},"excerpt":{"rendered":"<p>Taastav ja vananemisvastane n\u00e4okreem PDRN-iga (l\u00f5he DNA), kerge ja siidise tekstuuriga. Taimsete lipiidide, antioks\u00fcdantide ja niisutavate komponentide kooslus pakub terviklikku vananemisvastast hooldust, j\u00e4ttes naha pehmeks, elastseks ja s\u00e4ravaks. \u00d5rn lilleline-tsitruseline aroom ja sametine l\u00f5pptulemus. Aktiivained Sodium DNA (Salmon PDRN) \u2013 0,05% \u2022 Stimuleerib rakkude uuenemist ja kollageeni s\u00fcnteesi \u2022 Parandab naha elastsust ja tekstuuri \u2022 [&hellip;]<\/p>\n","protected":false},"featured_media":4315,"template":"","meta":{"_acf_changed":false},"product_brand":[198],"product_cat":[169,15],"product_tag":[],"class_list":{"0":"post-4319","1":"product","2":"type-product","3":"status-publish","4":"has-post-thumbnail","6":"product_brand-adrn-pro-sari","7":"product_cat-kreemid","8":"product_cat-maaramata","10":"first","11":"instock","12":"taxable","13":"shipping-taxable","14":"purchasable","15":"product-type-simple"},"acf":[],"_links":{"self":[{"href":"https:\/\/velvetskin.ee\/en\/wp-json\/wp\/v2\/product\/4319","targetHints":{"allow":["GET"]}}],"collection":[{"href":"https:\/\/velvetskin.ee\/en\/wp-json\/wp\/v2\/product"}],"about":[{"href":"https:\/\/velvetskin.ee\/en\/wp-json\/wp\/v2\/types\/product"}],"version-history":[{"count":1,"href":"https:\/\/velvetskin.ee\/en\/wp-json\/wp\/v2\/product\/4319\/revisions"}],"predecessor-version":[{"id":4320,"href":"https:\/\/velvetskin.ee\/en\/wp-json\/wp\/v2\/product\/4319\/revisions\/4320"}],"wp:featuredmedia":[{"embeddable":true,"href":"https:\/\/velvetskin.ee\/en\/wp-json\/wp\/v2\/media\/4315"}],"wp:attachment":[{"href":"https:\/\/velvetskin.ee\/en\/wp-json\/wp\/v2\/media?parent=4319"}],"wp:term":[{"taxonomy":"product_brand","embeddable":true,"href":"https:\/\/velvetskin.ee\/en\/wp-json\/wp\/v2\/product_brand?post=4319"},{"taxonomy":"product_cat","embeddable":true,"href":"https:\/\/velvetskin.ee\/en\/wp-json\/wp\/v2\/product_cat?post=4319"},{"taxonomy":"product_tag","embeddable":true,"href":"https:\/\/velvetskin.ee\/en\/wp-json\/wp\/v2\/product_tag?post=4319"}],"curies":[{"name":"wp","href":"https:\/\/api.w.org\/{rel}","templated":true}]}}