{"id":4321,"date":"2026-02-03T11:43:57","date_gmt":"2026-02-03T09:43:57","guid":{"rendered":"https:\/\/velvetskin.ee\/?post_type=product&#038;p=4321"},"modified":"2026-02-03T11:43:58","modified_gmt":"2026-02-03T09:43:58","slug":"adrn-pro-facial-serum","status":"publish","type":"product","link":"https:\/\/velvetskin.ee\/en\/product\/adrn-pro-facial-serum\/","title":{"rendered":"ADRN Pro Facial Serum"},"content":{"rendered":"<p>V\u00e4ga t\u00f5hus taastav ja antioks\u00fcdantne n\u00e4oseerum l\u00f5he PDRN-i, niatsiinamiidi ja Dunaliella<br \/>\nSalina ekstraktiga. Kerge geelilaadne tekstuur imendub kiiresti, pakkudes kohest v\u00e4rskust ja<br \/>\nniisutust.<br \/>\n\u00d5rn tsitruseline aroom toetab meeldivat kasutuskogemust.<\/p>\n<h3>Aktiivained<\/h3>\n<p><strong>Sodium DNA (Salmon PDRN)<\/strong><br \/>\n\u2022 Stimuleerib rakkude uuenemist<br \/>\n\u2022 Parandab naha elastsust ja pingulolekut<br \/>\n\u2022 Annab tervisliku s\u00e4ra<\/p>\n<p><strong>Niatsiinamiid (Vitamiin B3)<\/strong><br \/>\n\u2022 \u00dchtlustab nahatooni<br \/>\n\u2022 Reguleerib rasueritust<br \/>\n\u2022 Tugevdab nahabarj\u00e4\u00e4ri<\/p>\n<p><strong>Dunaliella Salina ekstrakt<\/strong><\/p>\n<p>\u2022 Tugev antioks\u00fcdant<br \/>\n\u2022 Kaitseb fotovananemise eest<br \/>\n\u2022 Suurendab naha eluj\u00f5udu<\/p>\n<p><strong>Gl\u00fctseriin + Met\u00fc\u00fclpropandiool + Propandiool<\/strong><br \/>\n\u2022 S\u00fcgavniisutav humektantide kompleks<br \/>\n\u2022 Parandab aktiivainete imendumist<br \/>\n\u2022 Tagab kerge ja v\u00e4rske tekstuuri<\/p>\n<p>Tehnilised andmed<\/p>\n<p>\u2022 Maht: 30 ml<br \/>\n\u2022 Tekstuur: vedel vesip\u00f5hine geel<br \/>\n\u2022 Sobivus: k\u00f5ik nahat\u00fc\u00fcbid, sh tundlik ja deh\u00fcdreeritud nahk<\/p>\n<p>Kasutussoovitused professionaalile<br \/>\n\u2022 Sobib salongihooldustesse ja koduhoolduse j\u00e4tkuks<br \/>\n\u2022 Seerum enne kreemi<br \/>\n\u2022 Silmakreem hommikul ja \u00f5htul<\/p>\n<p>Ohutus ja ettevaatus<br \/>\nKosmeetikatoode. Mitte alla neelata. V\u00e4ltida silma sattumist. Hoida lastele k\u00e4ttesaamatus<br \/>\nkohas. S\u00e4ilitada kuivas ja jahedas, eemal otsesest p\u00e4ikesevalgusest.<\/p>","protected":false},"excerpt":{"rendered":"<p>V\u00e4ga t\u00f5hus taastav ja antioks\u00fcdantne n\u00e4oseerum l\u00f5he PDRN-i, niatsiinamiidi ja Dunaliella Salina ekstraktiga. Kerge geelilaadne tekstuur imendub kiiresti, pakkudes kohest v\u00e4rskust ja niisutust. \u00d5rn tsitruseline aroom toetab meeldivat kasutuskogemust. Aktiivained Sodium DNA (Salmon PDRN) \u2022 Stimuleerib rakkude uuenemist \u2022 Parandab naha elastsust ja pingulolekut \u2022 Annab tervisliku s\u00e4ra Niatsiinamiid (Vitamiin B3) \u2022 \u00dchtlustab nahatooni \u2022 [&hellip;]<\/p>\n","protected":false},"featured_media":4316,"template":"","meta":{"_acf_changed":false},"product_brand":[198],"product_cat":[15],"product_tag":[],"class_list":{"0":"post-4321","1":"product","2":"type-product","3":"status-publish","4":"has-post-thumbnail","6":"product_brand-adrn-pro-sari","7":"product_cat-maaramata","9":"first","10":"outofstock","11":"taxable","12":"shipping-taxable","13":"purchasable","14":"product-type-simple"},"acf":[],"_links":{"self":[{"href":"https:\/\/velvetskin.ee\/en\/wp-json\/wp\/v2\/product\/4321","targetHints":{"allow":["GET"]}}],"collection":[{"href":"https:\/\/velvetskin.ee\/en\/wp-json\/wp\/v2\/product"}],"about":[{"href":"https:\/\/velvetskin.ee\/en\/wp-json\/wp\/v2\/types\/product"}],"version-history":[{"count":1,"href":"https:\/\/velvetskin.ee\/en\/wp-json\/wp\/v2\/product\/4321\/revisions"}],"predecessor-version":[{"id":4322,"href":"https:\/\/velvetskin.ee\/en\/wp-json\/wp\/v2\/product\/4321\/revisions\/4322"}],"wp:featuredmedia":[{"embeddable":true,"href":"https:\/\/velvetskin.ee\/en\/wp-json\/wp\/v2\/media\/4316"}],"wp:attachment":[{"href":"https:\/\/velvetskin.ee\/en\/wp-json\/wp\/v2\/media?parent=4321"}],"wp:term":[{"taxonomy":"product_brand","embeddable":true,"href":"https:\/\/velvetskin.ee\/en\/wp-json\/wp\/v2\/product_brand?post=4321"},{"taxonomy":"product_cat","embeddable":true,"href":"https:\/\/velvetskin.ee\/en\/wp-json\/wp\/v2\/product_cat?post=4321"},{"taxonomy":"product_tag","embeddable":true,"href":"https:\/\/velvetskin.ee\/en\/wp-json\/wp\/v2\/product_tag?post=4321"}],"curies":[{"name":"wp","href":"https:\/\/api.w.org\/{rel}","templated":true}]}}