{"id":550,"date":"2024-06-20T16:30:00","date_gmt":"2024-06-20T13:30:00","guid":{"rendered":"https:\/\/velvetskin.ee\/?post_type=product&#038;p=550"},"modified":"2025-12-10T10:46:53","modified_gmt":"2025-12-10T08:46:53","slug":"skin-solution-sos-seerum-100ml","status":"publish","type":"product","link":"https:\/\/velvetskin.ee\/en\/product\/skin-solution-sos-seerum-100ml\/","title":{"rendered":"Skin Solution SOS Serum 100ml"},"content":{"rendered":"<h4>Instantly nourishing and regenerating serum for red and sensitive skin.<\/h4>\n<p>Contains Centella Asiatica extract and 5% tara fiber, which soothes red and sensitive skin and restores damaged skin.<\/p>\n<p><strong>Soothes red and sensitive skin<\/strong><br \/>\nMoisturises and soothes sensitive, red and dry skin thoroughly, restoring skin's healthy condition.<\/p>\n<p><strong>Fenugreek reduces inflammation<\/strong><br \/>\nContains antibacterial tarvac, an effective anti-inflammatory and skin barrier strengthener.<\/p>\n<p><strong>Contains no artificial colours, flavours or preservatives<\/strong><br \/>\nThe strong natural fragrance of Taruva resin is reduced by the natural gentle fragrance oils of orange and grapefruit, the product doesn't smell too strong and you don't have to worry about dyes or preservatives - the product is tested and skin safe!<\/p>\n<p><strong>Suur kogus toodet<\/strong><br \/>\n100ml pudel v\u00f5imaldab intensiivset igap\u00e4evast hooldust, et tagada terve, kaunis ja niisutatud nahk.<\/p>","protected":false},"excerpt":{"rendered":"<p>Tundlikku ja punetavat nahka rahustav, niisutav ja p\u00f5letikuvastane seerum, tugevdab naha taastumisv\u00f5imet ja muudab selle taas terveks ja s\u00e4ravaks. Tugevalt niisutav. Ei ole lisatud kunstlikke l\u00f5hna-ega v\u00e4rvaineid. 100ml<\/p>","protected":false},"featured_media":1002,"template":"","meta":{"_acf_changed":false},"product_brand":[158],"product_cat":[167],"product_tag":[178,190,179,180,189],"class_list":{"0":"post-550","1":"product","2":"type-product","3":"status-publish","4":"has-post-thumbnail","6":"product_brand-fau","7":"product_cat-seerumid","8":"product_tag-akne-ja-akneilmingud","9":"product_tag-arritunud-ja-voi-kuiv-nahk","10":"product_tag-rasune-ja-kombineeritud-nahk","11":"product_tag-rosaatsea-ja-kuperroosa","12":"product_tag-tundlik","14":"first","15":"instock","16":"taxable","17":"shipping-taxable","18":"purchasable","19":"product-type-simple"},"acf":[],"_links":{"self":[{"href":"https:\/\/velvetskin.ee\/en\/wp-json\/wp\/v2\/product\/550","targetHints":{"allow":["GET"]}}],"collection":[{"href":"https:\/\/velvetskin.ee\/en\/wp-json\/wp\/v2\/product"}],"about":[{"href":"https:\/\/velvetskin.ee\/en\/wp-json\/wp\/v2\/types\/product"}],"version-history":[{"count":11,"href":"https:\/\/velvetskin.ee\/en\/wp-json\/wp\/v2\/product\/550\/revisions"}],"predecessor-version":[{"id":3928,"href":"https:\/\/velvetskin.ee\/en\/wp-json\/wp\/v2\/product\/550\/revisions\/3928"}],"wp:featuredmedia":[{"embeddable":true,"href":"https:\/\/velvetskin.ee\/en\/wp-json\/wp\/v2\/media\/1002"}],"wp:attachment":[{"href":"https:\/\/velvetskin.ee\/en\/wp-json\/wp\/v2\/media?parent=550"}],"wp:term":[{"taxonomy":"product_brand","embeddable":true,"href":"https:\/\/velvetskin.ee\/en\/wp-json\/wp\/v2\/product_brand?post=550"},{"taxonomy":"product_cat","embeddable":true,"href":"https:\/\/velvetskin.ee\/en\/wp-json\/wp\/v2\/product_cat?post=550"},{"taxonomy":"product_tag","embeddable":true,"href":"https:\/\/velvetskin.ee\/en\/wp-json\/wp\/v2\/product_tag?post=550"}],"curies":[{"name":"wp","href":"https:\/\/api.w.org\/{rel}","templated":true}]}}