{"id":1885,"date":"2024-12-06T13:40:46","date_gmt":"2024-12-06T13:40:46","guid":{"rendered":"https:\/\/velvetskin.ee\/?page_id=1885"},"modified":"2025-11-24T23:39:56","modified_gmt":"2025-11-24T21:39:56","slug":"tarnetingimused","status":"publish","type":"page","link":"https:\/\/velvetskin.ee\/fi\/tarnetingimused\/","title":{"rendered":"Toimitusehdot"},"content":{"rendered":"<div data-elementor-type=\"wp-page\" data-elementor-id=\"1885\" class=\"elementor elementor-1885\" data-elementor-post-type=\"page\">\n\t\t\t\t<div class=\"elementor-element elementor-element-c7c3b5c e-flex e-con-boxed e-con e-parent\" data-id=\"c7c3b5c\" data-element_type=\"container\" data-e-type=\"container\">\n\t\t\t\t\t<div class=\"e-con-inner\">\n\t\t\t\t<div class=\"elementor-element elementor-element-31156a2 elementor-widget elementor-widget-heading\" data-id=\"31156a2\" data-element_type=\"widget\" data-e-type=\"widget\" data-widget_type=\"heading.default\">\n\t\t\t\t<div class=\"elementor-widget-container\">\n\t\t\t\t\t<h2 class=\"elementor-heading-title elementor-size-default\">VELVETSKIN VERKKOKAUPAN TOIMITUSEHDOT<\/h2>\t\t\t\t<\/div>\n\t\t\t\t<\/div>\n\t\t\t\t<div class=\"elementor-element elementor-element-15eaa9c elementor-widget elementor-widget-text-editor\" data-id=\"15eaa9c\" data-element_type=\"widget\" data-e-type=\"widget\" data-widget_type=\"text-editor.default\">\n\t\t\t\t<div class=\"elementor-widget-container\">\n\t\t\t\t\t\t\t\t\t<h2>Toimitusmenetelm\u00e4t<\/h2><table><thead><tr><th>Naamiointi<\/th><th>Kuvaus<\/th><th>Hinta<\/th><\/tr><\/thead><tbody><tr><td>Pakettiautomaatit (Itella Smartpost, Omniva, DPD).<\/td><td>Toimitamme valitsemaasi pakettiautomaattiin. Se saapuu yleens\u00e4 1-3 ty\u00f6p\u00e4iv\u00e4n kuluessa. Saat koodin tekstiviestill\u00e4.<\/td><td>3 \u20ac-5 \u20ac (palveluntarjoajasta riippuen).<\/td><\/tr><tr><td>Kuller<\/td><td>Kuriiri toimittaa tuotteet osoitteeseesi. Sovimme ajat puhelimitse.<\/td><td>5 \u20ac-7 \u20ac<\/td><\/tr><tr><td>Ty\u00f6paikan tai salongin korvaaminen<\/td><td>Voit noutaa tavarat itse Tallinnan osoitteestamme.<\/td><td>Maksuton<\/td><\/tr><\/tbody><\/table><h2>Toimitusalue<\/h2><p>Toimitamme Viron sis\u00e4ll\u00e4. Voimme toimittaa my\u00f6s Latviaan tai Suomeen, hinnat ja toimitusajat voivat vaihdella.<\/p><h2>Toimitusprosessi<\/h2><ul><li>K\u00e4sittelemme tilaukset ty\u00f6p\u00e4ivin\u00e4. Jos tilaus tehd\u00e4\u00e4n viikonloppuna tai pyh\u00e4p\u00e4iv\u00e4n\u00e4, m\u00e4\u00e4r\u00e4aika alkaa seuraavana arkip\u00e4iv\u00e4n\u00e4.<\/li><li>Jos tilauksessa on tuotteita, jotka vaativat eri toimitusaikoja, k\u00e4yt\u00e4mme pisint\u00e4 toimitusaikaa tai l\u00e4het\u00e4mme k\u00e4ytett\u00e4viss\u00e4 olevat tuotteet erillisell\u00e4 sopimuksella.<\/li><li>Jos pakettia ei ole vastaanotettu m\u00e4\u00e4r\u00e4ajassa, l\u00e4het\u00e4mme muistutuksen. Jos pakettia ei noudeta, tavarat katsotaan hyl\u00e4tyiksi ja palautetaan meille; sin\u00e4 vastaat uudelleenl\u00e4hetyksen kustannuksista.<\/li><\/ul>\t\t\t\t\t\t\t\t<\/div>\n\t\t\t\t<\/div>\n\t\t\t\t\t<\/div>\n\t\t\t\t<\/div>\n\t\t<div class=\"elementor-element elementor-element-6c1508c e-flex e-con-boxed e-con e-parent\" data-id=\"6c1508c\" data-element_type=\"container\" data-e-type=\"container\">\n\t\t\t\t\t<div class=\"e-con-inner\">\n\t\t\t\t<div class=\"elementor-element elementor-element-2cfbfab elementor-widget elementor-widget-spacer\" data-id=\"2cfbfab\" data-element_type=\"widget\" data-e-type=\"widget\" data-widget_type=\"spacer.default\">\n\t\t\t\t<div class=\"elementor-widget-container\">\n\t\t\t\t\t\t\t<div class=\"elementor-spacer\">\n\t\t\t<div class=\"elementor-spacer-inner\"><\/div>\n\t\t<\/div>\n\t\t\t\t\t\t<\/div>\n\t\t\t\t<\/div>\n\t\t\t\t\t<\/div>\n\t\t\t\t<\/div>\n\t\t\t\t<\/div>","protected":false},"excerpt":{"rendered":"<p>VELVETSKIN E-POE TARNETINGIMUSED Tarneviisid Tarneviis Kirjeldus Hind Pakiautomaat (Itella Smartpost, Omniva, DPD) Toimetame sinu valitud pakiautomaati. Saabub \u00fcldjuhul 1\u20133 t\u00f6\u00f6p\u00e4eva jooksul. Saad koodi SMS-iga. 3\u00a0\u20ac\u20135\u00a0\u20ac (s\u00f5ltub teenusepakkujast) Kuller Kuller toob kauba sinu aadressile. Ajad lepime telefoni teel kokku. 5\u00a0\u20ac\u20137\u00a0\u20ac T\u00f6\u00f6koha v\u00f5i salongi j\u00e4reletulemine V\u00f5id kaubale ise j\u00e4rele tulla meie Tallinna aadressile. Tasuta Tarnepiirkond Saadame pakke [&hellip;]<\/p>\n","protected":false},"author":2,"featured_media":0,"parent":0,"menu_order":0,"comment_status":"closed","ping_status":"closed","template":"","meta":{"_acf_changed":false,"footnotes":""},"class_list":["post-1885","page","type-page","status-publish","hentry"],"acf":[],"_links":{"self":[{"href":"https:\/\/velvetskin.ee\/fi\/wp-json\/wp\/v2\/pages\/1885","targetHints":{"allow":["GET"]}}],"collection":[{"href":"https:\/\/velvetskin.ee\/fi\/wp-json\/wp\/v2\/pages"}],"about":[{"href":"https:\/\/velvetskin.ee\/fi\/wp-json\/wp\/v2\/types\/page"}],"author":[{"embeddable":true,"href":"https:\/\/velvetskin.ee\/fi\/wp-json\/wp\/v2\/users\/2"}],"replies":[{"embeddable":true,"href":"https:\/\/velvetskin.ee\/fi\/wp-json\/wp\/v2\/comments?post=1885"}],"version-history":[{"count":10,"href":"https:\/\/velvetskin.ee\/fi\/wp-json\/wp\/v2\/pages\/1885\/revisions"}],"predecessor-version":[{"id":3915,"href":"https:\/\/velvetskin.ee\/fi\/wp-json\/wp\/v2\/pages\/1885\/revisions\/3915"}],"wp:attachment":[{"href":"https:\/\/velvetskin.ee\/fi\/wp-json\/wp\/v2\/media?parent=1885"}],"curies":[{"name":"wp","href":"https:\/\/api.w.org\/{rel}","templated":true}]}}