{"id":1581,"date":"2024-11-26T14:35:15","date_gmt":"2024-11-26T12:35:15","guid":{"rendered":"https:\/\/velvetskin.ee\/?post_type=product&#038;p=1581"},"modified":"2025-12-10T10:46:53","modified_gmt":"2025-12-10T08:46:53","slug":"skin-solution-bb-spf-37-pumbaga-pudel","status":"publish","type":"product","link":"https:\/\/velvetskin.ee\/fi\/tuote\/skin-solution-bb-spf-37-pumbaga-pudel\/","title":{"rendered":"Skin Solution Bb SPF 37 pumppupullo"},"content":{"rendered":"<p>BB-voide, jossa on keltaisia s\u00e4vyj\u00e4. Kosteuttava, kirkastava ja anti-ageing. UV-suoja SPF 37.<\/p>\n<p>Ainesosat: mangon siemen\u00f6ljy, allantonin, asiatica aquinaba -uute.<\/p>\n<p>Sopii niille, joilla on l\u00f6ys\u00e4 iho, ensimm\u00e4iset rypyt. Kosteuttava ja virkist\u00e4v\u00e4, kirkastava vaikutus.<\/p>","protected":false},"excerpt":{"rendered":"<p>Kollaka alatoonga BB kreem. Nahka niisutava, jumet \u00fchtlustava ja vananemisvastase toimega. UV kaitse SPF 37. Kreem j\u00e4\u00e4b nahal v\u00e4ga \u00fchtlane ja loomulik. Sobib pigem heledamale nahat\u00fc\u00fcbile. Tootel otsas meigi\u0161vamm millega kerge nahale kanda.<\/p>","protected":false},"featured_media":1585,"template":"","meta":{"_acf_changed":false},"product_brand":[158],"product_cat":[174],"product_tag":[178,190,181,182,186,180,183,189],"class_list":{"0":"post-1581","1":"product","2":"type-product","3":"status-publish","4":"has-post-thumbnail","6":"product_brand-fau","7":"product_cat-meigitooted","8":"product_tag-akne-ja-akneilmingud","9":"product_tag-arritunud-ja-voi-kuiv-nahk","10":"product_tag-esimesed-kortsud-30","11":"product_tag-kortsud-ja-lotvunud-nahk","12":"product_tag-pigmendiprobleemid","13":"product_tag-rosaatsea-ja-kuperroosa","14":"product_tag-tuhm-ja-sara-kaotanud-nahk","15":"product_tag-tundlik","17":"first","18":"instock","19":"taxable","20":"shipping-taxable","21":"purchasable","22":"product-type-simple"},"acf":[],"_links":{"self":[{"href":"https:\/\/velvetskin.ee\/fi\/wp-json\/wp\/v2\/product\/1581","targetHints":{"allow":["GET"]}}],"collection":[{"href":"https:\/\/velvetskin.ee\/fi\/wp-json\/wp\/v2\/product"}],"about":[{"href":"https:\/\/velvetskin.ee\/fi\/wp-json\/wp\/v2\/types\/product"}],"version-history":[{"count":6,"href":"https:\/\/velvetskin.ee\/fi\/wp-json\/wp\/v2\/product\/1581\/revisions"}],"predecessor-version":[{"id":3958,"href":"https:\/\/velvetskin.ee\/fi\/wp-json\/wp\/v2\/product\/1581\/revisions\/3958"}],"wp:featuredmedia":[{"embeddable":true,"href":"https:\/\/velvetskin.ee\/fi\/wp-json\/wp\/v2\/media\/1585"}],"wp:attachment":[{"href":"https:\/\/velvetskin.ee\/fi\/wp-json\/wp\/v2\/media?parent=1581"}],"wp:term":[{"taxonomy":"product_brand","embeddable":true,"href":"https:\/\/velvetskin.ee\/fi\/wp-json\/wp\/v2\/product_brand?post=1581"},{"taxonomy":"product_cat","embeddable":true,"href":"https:\/\/velvetskin.ee\/fi\/wp-json\/wp\/v2\/product_cat?post=1581"},{"taxonomy":"product_tag","embeddable":true,"href":"https:\/\/velvetskin.ee\/fi\/wp-json\/wp\/v2\/product_tag?post=1581"}],"curies":[{"name":"wp","href":"https:\/\/api.w.org\/{rel}","templated":true}]}}