{"id":1630,"date":"2024-11-26T16:44:01","date_gmt":"2024-11-26T14:44:01","guid":{"rendered":"https:\/\/velvetskin.ee\/?post_type=product&#038;p=1630"},"modified":"2026-03-26T08:16:18","modified_gmt":"2026-03-26T06:16:18","slug":"probleemse-kombineeritud-ja-rasuse-naha-komplekt","status":"publish","type":"product","link":"https:\/\/velvetskin.ee\/fi\/tuote\/probleemse-kombineeritud-ja-rasuse-naha-komplekt\/","title":{"rendered":"Fau Ongelmallisen, yhdistetyn ja rasvoittuvan ihon hoitosarja"},"content":{"rendered":"<p><strong>\u2022 <a href=\"https:\/\/velvetskin.ee\/fi\/tuote\/skin-solution-sos-cream\/\" target=\"_blank\" rel=\"noopener\">SOS-voide<\/a><\/strong><\/p>\n<p><strong>\u2022 <a href=\"https:\/\/velvetskin.ee\/fi\/tuote\/skin-solution-sos-seerum-50ml\/\" target=\"_blank\" rel=\"noopener\">SOS-seerumi<\/a><\/strong><\/p>\n<p><strong>\u2022 <a href=\"https:\/\/velvetskin.ee\/fi\/tuote\/shiny-pumpkin-peel-care-cream\/\" target=\"_blank\" rel=\"noopener\">Kurpitsan kuorinta hoitovoide<\/a><\/strong><\/p>\n<p>Pakkauksen sis\u00e4lt\u00e4m\u00e4t tuotteet on suunniteltu erityisesti aknen ja ruusufinnin torjuntaan. Kosteuttava, rauhoittava ja tulehdusta ehk\u00e4isev\u00e4 voide. Sopii ilta- ja aamuk\u00e4ytt\u00f6\u00f6n. SOS-seerumi on todella rauhoittava ja kosteuttava, ja sill\u00e4 on tulehdusta ehk\u00e4isev\u00e4 vaikutus. Erityisen miellytt\u00e4v\u00e4 tuoksu!<\/p>\n<p>Huom: Tuotteet sis\u00e4lt\u00e4v\u00e4t taruvaiku. Jos olet allerginen sille, emme suosittele t\u00e4m\u00e4n tuotteen k\u00e4ytt\u00f6\u00e4.<\/p>\n<p>Settiin kuuluu my\u00f6s kurpitsahappoja sis\u00e4lt\u00e4v\u00e4 y\u00f6voide, jota suosittelemme k\u00e4ytett\u00e4v\u00e4ksi 2-4 kertaa viikossa ja iltaisin. Tuloksena on silkkinen iho.<\/p>","protected":false},"excerpt":{"rendered":"<p>\u2022 SOS kreem<br \/>\n\u2022 SOS seerum<br \/>\n\u2022 Pumpkin Peel Care kreem<\/p>","protected":false},"featured_media":1635,"template":"","meta":{"_acf_changed":false},"product_brand":[158],"product_cat":[15],"product_tag":[178,179],"class_list":{"0":"post-1630","1":"product","2":"type-product","3":"status-publish","4":"has-post-thumbnail","6":"product_brand-fau","7":"product_cat-maaramata","8":"product_tag-akne-ja-akneilmingud","9":"product_tag-rasune-ja-kombineeritud-nahk","11":"first","12":"outofstock","13":"sale","14":"taxable","15":"shipping-taxable","16":"purchasable","17":"product-type-simple"},"acf":[],"_links":{"self":[{"href":"https:\/\/velvetskin.ee\/fi\/wp-json\/wp\/v2\/product\/1630","targetHints":{"allow":["GET"]}}],"collection":[{"href":"https:\/\/velvetskin.ee\/fi\/wp-json\/wp\/v2\/product"}],"about":[{"href":"https:\/\/velvetskin.ee\/fi\/wp-json\/wp\/v2\/types\/product"}],"version-history":[{"count":9,"href":"https:\/\/velvetskin.ee\/fi\/wp-json\/wp\/v2\/product\/1630\/revisions"}],"predecessor-version":[{"id":4077,"href":"https:\/\/velvetskin.ee\/fi\/wp-json\/wp\/v2\/product\/1630\/revisions\/4077"}],"wp:featuredmedia":[{"embeddable":true,"href":"https:\/\/velvetskin.ee\/fi\/wp-json\/wp\/v2\/media\/1635"}],"wp:attachment":[{"href":"https:\/\/velvetskin.ee\/fi\/wp-json\/wp\/v2\/media?parent=1630"}],"wp:term":[{"taxonomy":"product_brand","embeddable":true,"href":"https:\/\/velvetskin.ee\/fi\/wp-json\/wp\/v2\/product_brand?post=1630"},{"taxonomy":"product_cat","embeddable":true,"href":"https:\/\/velvetskin.ee\/fi\/wp-json\/wp\/v2\/product_cat?post=1630"},{"taxonomy":"product_tag","embeddable":true,"href":"https:\/\/velvetskin.ee\/fi\/wp-json\/wp\/v2\/product_tag?post=1630"}],"curies":[{"name":"wp","href":"https:\/\/api.w.org\/{rel}","templated":true}]}}