{"id":2444,"date":"2025-01-15T17:09:54","date_gmt":"2025-01-15T15:09:54","guid":{"rendered":"https:\/\/velvetskin.ee\/?post_type=product&#038;p=2444"},"modified":"2026-04-14T12:29:56","modified_gmt":"2026-04-14T09:29:56","slug":"regenerating-cream-urban","status":"publish","type":"product","link":"https:\/\/velvetskin.ee\/fi\/tuote\/regenerating-cream-urban\/","title":{"rendered":"Uudistava voide Urban"},"content":{"rendered":"<p>Poikkeuksellinen voide, jossa on lev\u00e4\u00e4, merellist\u00e4 glykogeeni\u00e4, hyaluronihappoa ja peptidej\u00e4. Pehment\u00e4\u00e4 ihoa ja auttaa palauttamaan sen kimmoisuuden. Tehokkaasti rauhoittava ja uudistava.<\/p>\n<p><strong>K\u00e4ytt\u00f6opas:<\/strong><br \/>\nLevit\u00e4 py\u00f6rein liikkein puhtaille kasvoille, kaulalle ja dekolteelle v\u00e4ltt\u00e4en silm\u00e4nymp\u00e4rysihoa. Levit\u00e4 aamulla ja\/tai illalla.<\/p>\n<p><strong>Aktiiviset ainesosat:<br \/>\n<\/strong>Hyaluronihappo<br \/>\nPeptidit<br \/>\nEnteromorfiset lev\u00e4t<br \/>\nMerellinen glykogeeni<br \/>\nHyaluronihappo<br \/>\nSheawi<br \/>\nMacadamia<br \/>\nMakea manteli\u00f6ljy<br \/>\nE-vitamiini<br \/>\naloe vera<\/p>","protected":false},"excerpt":{"rendered":"<p>Poikkeuksellinen voide, jossa on lev\u00e4\u00e4, merellist\u00e4 glykogeeni\u00e4, hyaluronihappoa ja peptidej\u00e4. Pehment\u00e4\u00e4 ihoa ja auttaa palauttamaan sen kimmoisuuden. Tehokkaasti rauhoittava ja uudistava.<br \/>\nKasutusjuhend: Kanna ringjate liigutustega puhtale n\u00e4ole, kaelale ja dekolteele, v\u00e4ltides silma\u00fcmbrust. Kanna hommikul ja\/v\u00f5i \u00f5htul.<\/p>","protected":false},"featured_media":3185,"template":"","meta":{"_acf_changed":false},"product_brand":[159],"product_cat":[169],"product_tag":[190,181,180,183,189],"class_list":{"0":"post-2444","1":"product","2":"type-product","3":"status-publish","4":"has-post-thumbnail","6":"product_brand-inlab","7":"product_cat-kreemid","8":"product_tag-arritunud-ja-voi-kuiv-nahk","9":"product_tag-esimesed-kortsud-30","10":"product_tag-rosaatsea-ja-kuperroosa","11":"product_tag-tuhm-ja-sara-kaotanud-nahk","12":"product_tag-tundlik","14":"first","15":"instock","16":"taxable","17":"shipping-taxable","18":"purchasable","19":"product-type-simple"},"acf":[],"_links":{"self":[{"href":"https:\/\/velvetskin.ee\/fi\/wp-json\/wp\/v2\/product\/2444","targetHints":{"allow":["GET"]}}],"collection":[{"href":"https:\/\/velvetskin.ee\/fi\/wp-json\/wp\/v2\/product"}],"about":[{"href":"https:\/\/velvetskin.ee\/fi\/wp-json\/wp\/v2\/types\/product"}],"version-history":[{"count":6,"href":"https:\/\/velvetskin.ee\/fi\/wp-json\/wp\/v2\/product\/2444\/revisions"}],"predecessor-version":[{"id":3995,"href":"https:\/\/velvetskin.ee\/fi\/wp-json\/wp\/v2\/product\/2444\/revisions\/3995"}],"wp:featuredmedia":[{"embeddable":true,"href":"https:\/\/velvetskin.ee\/fi\/wp-json\/wp\/v2\/media\/3185"}],"wp:attachment":[{"href":"https:\/\/velvetskin.ee\/fi\/wp-json\/wp\/v2\/media?parent=2444"}],"wp:term":[{"taxonomy":"product_brand","embeddable":true,"href":"https:\/\/velvetskin.ee\/fi\/wp-json\/wp\/v2\/product_brand?post=2444"},{"taxonomy":"product_cat","embeddable":true,"href":"https:\/\/velvetskin.ee\/fi\/wp-json\/wp\/v2\/product_cat?post=2444"},{"taxonomy":"product_tag","embeddable":true,"href":"https:\/\/velvetskin.ee\/fi\/wp-json\/wp\/v2\/product_tag?post=2444"}],"curies":[{"name":"wp","href":"https:\/\/api.w.org\/{rel}","templated":true}]}}