{"id":2958,"date":"2025-02-28T16:00:48","date_gmt":"2025-02-28T14:00:48","guid":{"rendered":"https:\/\/velvetskin.ee\/?post_type=product&#038;p=2958"},"modified":"2026-03-28T19:36:38","modified_gmt":"2026-03-28T17:36:38","slug":"skin-solution-sos-plasma-ac-zero","status":"publish","type":"product","link":"https:\/\/velvetskin.ee\/fi\/tuote\/skin-solution-sos-plasma-ac-zero\/","title":{"rendered":"Skin Solution SOS Plasma Ac Zero"},"content":{"rendered":"<p><strong>KOSMEETIK INGA LEMMIK<\/strong><\/p>\n<p>Kas Sind vaevab akne? V\u00f5i kimbutab tihti herpes huulel v\u00f5i mujal n\u00e4opiirkonnas? V\u00f5i soovid helendada pigmendilaike oma nahal? Siin on uus ja innovaatiline plasmaenergia, mis v\u00e4ga kiirelt leevendab Sinu nahal p\u00f5letikulised protsessid.<\/p>\n<p>T\u00f5hus desinfitseeriv plasmaenergia, mis on \u00fcle 50 korra tugevam kui sterilisaator. Iluseade, mis on suurep\u00e4rane abiline p\u00f5letiku ravis. Lisaks aitab helendada pigmenti viies toitaineid s\u00fcgavale nahakihti plasma abil, mis tekitab hapnikku. V\u00e4ga t\u00f5hus p\u00f5letikuvastane, antibakteriaalne ja akne vastane toime.<\/p>","protected":false},"excerpt":{"rendered":"<p>TOOTE OMADUSED<br \/>\nV\u00f5imas aknet desinfitseeriv plasmaenergia, mis on \u00fcle 50 korra tugevam kui sterilisaator. Iluseade, mis on suurep\u00e4rane abiline p\u00f5letiku ravis. Lisaks aitab helendada pigmenti viies toitaineid s\u00fcgavale nahakihti plasma abil, mis tekitab hapnikku. V\u00e4ga t\u00f5hus p\u00f5letikuvastane, antibakteriaalne ja akne vastane toime.<br \/>\nKASUTUSJUHEND<br \/>\nP\u00e4rast n\u00e4o puhastamist p\u00fchkige niiskus \u00e4ra ja kandke toode soovitud piirkondadele nahal.<br \/>\nProgrammi etapid 1: Jume \u00fchtlustamine 2: Heledamaks muutmine, peenete kortsude hooldus 3: Aknele kalduva naha hooldus, p\u00f5letikud nahal ( akne, rosacea, herpes,dermatiit jms)<\/p>","protected":false},"featured_media":2970,"template":"","meta":{"_acf_changed":false},"product_brand":[158],"product_cat":[176],"product_tag":[178,179,180],"class_list":{"0":"post-2958","1":"product","2":"type-product","3":"status-publish","4":"has-post-thumbnail","6":"product_brand-fau","7":"product_cat-naohooldusaparaadid","8":"product_tag-akne-ja-akneilmingud","9":"product_tag-rasune-ja-kombineeritud-nahk","10":"product_tag-rosaatsea-ja-kuperroosa","12":"first","13":"instock","14":"taxable","15":"shipping-taxable","16":"purchasable","17":"product-type-simple"},"acf":[],"_links":{"self":[{"href":"https:\/\/velvetskin.ee\/fi\/wp-json\/wp\/v2\/product\/2958","targetHints":{"allow":["GET"]}}],"collection":[{"href":"https:\/\/velvetskin.ee\/fi\/wp-json\/wp\/v2\/product"}],"about":[{"href":"https:\/\/velvetskin.ee\/fi\/wp-json\/wp\/v2\/types\/product"}],"version-history":[{"count":7,"href":"https:\/\/velvetskin.ee\/fi\/wp-json\/wp\/v2\/product\/2958\/revisions"}],"predecessor-version":[{"id":4012,"href":"https:\/\/velvetskin.ee\/fi\/wp-json\/wp\/v2\/product\/2958\/revisions\/4012"}],"wp:featuredmedia":[{"embeddable":true,"href":"https:\/\/velvetskin.ee\/fi\/wp-json\/wp\/v2\/media\/2970"}],"wp:attachment":[{"href":"https:\/\/velvetskin.ee\/fi\/wp-json\/wp\/v2\/media?parent=2958"}],"wp:term":[{"taxonomy":"product_brand","embeddable":true,"href":"https:\/\/velvetskin.ee\/fi\/wp-json\/wp\/v2\/product_brand?post=2958"},{"taxonomy":"product_cat","embeddable":true,"href":"https:\/\/velvetskin.ee\/fi\/wp-json\/wp\/v2\/product_cat?post=2958"},{"taxonomy":"product_tag","embeddable":true,"href":"https:\/\/velvetskin.ee\/fi\/wp-json\/wp\/v2\/product_tag?post=2958"}],"curies":[{"name":"wp","href":"https:\/\/api.w.org\/{rel}","templated":true}]}}