{"id":4081,"date":"2025-11-28T13:09:35","date_gmt":"2025-11-28T11:09:35","guid":{"rendered":"https:\/\/velvetskin.ee\/?post_type=product&#038;p=4081"},"modified":"2026-04-15T13:15:48","modified_gmt":"2026-04-15T10:15:48","slug":"inlab-niacinamide-10-pure-seerum","status":"publish","type":"product","link":"https:\/\/velvetskin.ee\/fi\/tuote\/inlab-niacinamide-10-pure-seerum\/","title":{"rendered":"InLab Niasiiniamidi 10% puhdas seerumi"},"content":{"rendered":"<p><strong data-start=\"29\" data-end=\"119\">Kontsentreeritud seerum niatsiinamiidi, E-vitamiini, gl\u00fckoolhappe ja h\u00fcaluroonhappega.<\/strong><br data-start=\"119\" data-end=\"122\" \/>Niatsiinamiidil on mitmeid omadusi: see v\u00e4hendab aknet, kuna reguleerib rasueritust, parandab poore, rahustab punetust, tugevdab naha kaitsebarj\u00e4\u00e4ri v\u00e4hendades transepidermaalset veekadu, v\u00e4hendab \u00e4rritust, aitab pigmentatsiooni vastu, \u00fchtlustab nahatooni ning hoiab \u00e4ra kollaka v\u00f5i tuhmi jumega naha tekke. Samuti toimib see antioks\u00fcdandina, kaitstes rakke oks\u00fcdatiivse stressi eest, eriti nahka, mis puutub igap\u00e4evaselt kokku selliste teguritega nagu saaste, UV-kiirgus, suits jms.<br data-start=\"605\" data-end=\"608\" \/>Sobib k\u00f5ikidele nahat\u00fc\u00fcpidele, isegi tundlikule nahale. Ei sisalda parabeene ega mineraal\u00f5lisid.<\/p>\n<p data-start=\"711\" data-end=\"889\"><strong data-start=\"711\" data-end=\"726\">KASUTAMINE:<\/strong><br data-start=\"726\" data-end=\"729\" \/>Kanna m\u00f5ned tilgad seerumit puhtale n\u00e4ole, kaelale ja dekolteele hommikul ja\/v\u00f5i \u00f5htul enne kreemi. Hommikuti kasutades tuleb alati kanda p\u00e4ikesekaitsefaktorit.<\/p>\n<div class=\"flex max-w-full flex-col grow\">\n<div class=\"min-h-8 text-message relative flex w-full flex-col items-end gap-2 text-start break-words whitespace-normal [.text-message+&amp;]:mt-1\" dir=\"auto\" data-message-author-role=\"assistant\" data-message-id=\"f830e874-21a7-45a8-b905-d6152824b6fc\" data-message-model-slug=\"gpt-5-1\">\n<div class=\"flex w-full flex-col gap-1 empty:hidden first:pt-[1px]\">\n<div class=\"markdown prose dark:prose-invert w-full break-words light markdown-new-styling\">\n<p data-start=\"896\" data-end=\"1095\" data-is-last-node=\"\" data-is-only-node=\"\"><strong data-start=\"896\" data-end=\"918\">ETTEVAATUSABIN\u00d5UD:<\/strong><br data-start=\"918\" data-end=\"921\" \/>Kosmeetikatoode. Mitte sisse v\u00f5tta. V\u00e4ltida silma sattumist. \u00c4rrituse tekkimisel l\u00f5petada kasutamine ja konsulteerida arstiga. Kasutada ainult tervele ja vigastusteta nahale.<\/p>\n<\/div>\n<\/div>\n<\/div>\n<\/div>\n<div class=\"z-0 flex min-h-[46px] justify-start\"><\/div>\n<div class=\"border-token-border-light my-2 flex gap-10 border-t pt-4\">\n<div class=\"flex items-center justify-center overflow-hidden h-14 w-14 rounded-lg\"><\/div>\n<\/div>\n","protected":false},"excerpt":{"rendered":"<p>Kontsentreeritud seerum niatsiinamiidi, E-vitamiini, gl\u00fckoolhappe ja h\u00fcaluroonhappega.Niatsiinamiidil on mitmeid omadusi: see v\u00e4hendab aknet, kuna reguleerib rasueritust, parandab poore, rahustab punetust, tugevdab naha kaitsebarj\u00e4\u00e4ri v\u00e4hendades transepidermaalset veekadu, v\u00e4hendab \u00e4rritust, aitab pigmentatsiooni vastu, \u00fchtlustab nahatooni ning hoiab \u00e4ra kollaka v\u00f5i tuhmi jumega naha tekke. Samuti toimib see antioks\u00fcdandina, kaitstes rakke oks\u00fcdatiivse stressi eest, eriti nahka, mis puutub [&hellip;]<\/p>\n","protected":false},"featured_media":4082,"template":"","meta":{"_acf_changed":false},"product_brand":[159],"product_cat":[167],"product_tag":[178,190,184],"class_list":{"0":"post-4081","1":"product","2":"type-product","3":"status-publish","4":"has-post-thumbnail","6":"product_brand-inlab","7":"product_cat-seerumid","8":"product_tag-akne-ja-akneilmingud","9":"product_tag-arritunud-ja-voi-kuiv-nahk","10":"product_tag-kuiv-ja-niiskusvaene-nahk","12":"first","13":"instock","14":"taxable","15":"shipping-taxable","16":"purchasable","17":"product-type-simple"},"acf":[],"_links":{"self":[{"href":"https:\/\/velvetskin.ee\/fi\/wp-json\/wp\/v2\/product\/4081","targetHints":{"allow":["GET"]}}],"collection":[{"href":"https:\/\/velvetskin.ee\/fi\/wp-json\/wp\/v2\/product"}],"about":[{"href":"https:\/\/velvetskin.ee\/fi\/wp-json\/wp\/v2\/types\/product"}],"version-history":[{"count":3,"href":"https:\/\/velvetskin.ee\/fi\/wp-json\/wp\/v2\/product\/4081\/revisions"}],"predecessor-version":[{"id":4091,"href":"https:\/\/velvetskin.ee\/fi\/wp-json\/wp\/v2\/product\/4081\/revisions\/4091"}],"wp:featuredmedia":[{"embeddable":true,"href":"https:\/\/velvetskin.ee\/fi\/wp-json\/wp\/v2\/media\/4082"}],"wp:attachment":[{"href":"https:\/\/velvetskin.ee\/fi\/wp-json\/wp\/v2\/media?parent=4081"}],"wp:term":[{"taxonomy":"product_brand","embeddable":true,"href":"https:\/\/velvetskin.ee\/fi\/wp-json\/wp\/v2\/product_brand?post=4081"},{"taxonomy":"product_cat","embeddable":true,"href":"https:\/\/velvetskin.ee\/fi\/wp-json\/wp\/v2\/product_cat?post=4081"},{"taxonomy":"product_tag","embeddable":true,"href":"https:\/\/velvetskin.ee\/fi\/wp-json\/wp\/v2\/product_tag?post=4081"}],"curies":[{"name":"wp","href":"https:\/\/api.w.org\/{rel}","templated":true}]}}