{"id":550,"date":"2024-06-20T16:30:00","date_gmt":"2024-06-20T13:30:00","guid":{"rendered":"https:\/\/velvetskin.ee\/?post_type=product&#038;p=550"},"modified":"2025-12-10T10:46:53","modified_gmt":"2025-12-10T08:46:53","slug":"skin-solution-sos-seerum-100ml","status":"publish","type":"product","link":"https:\/\/velvetskin.ee\/fi\/tuote\/skin-solution-sos-seerum-100ml\/","title":{"rendered":"Skin Solution SOS-seerumi 100ml"},"content":{"rendered":"<h4>Koheselt nahka toitev ja taastav seerum punetavale ja tundlikule nahale<\/h4>\n<p>Sisaldab Centella Asiatica ekstrakti ja 5% taruvaiku, mis rahustab punetavat ja tundlikku nahka ning taastab kahjustatud nahka.<\/p>\n<p><strong>Rahustab punast ja tundlikku nahka<\/strong><br \/>\nNiisutab ja rahustab p\u00f5hjalikult tundlikku, punetavat ja kuiva nahka, taastades naha tervisliku seisundi.<\/p>\n<p><strong>Taruvaik v\u00e4hendab p\u00f5letikku<\/strong><br \/>\nSisaldab antibakteriaalset taruvaiku, mis on t\u00f5hus p\u00f5letikuv\u00e4hendaja ja tugevdab nahabarj\u00e4\u00e4ri<\/p>\n<p><strong>Ei sisalda kunstlikke v\u00e4rvi-, l\u00f5hna- ega s\u00e4ilitusaineid<\/strong><br \/>\nTaruvaigu tugevalt looduslikku l\u00f5hna v\u00e4hendavad apelsini ja grapefruidi naturaalsed \u00f5rnad aroomi\u00f5lid, toode ei l\u00f5hna liiga tugevalt ning samuti ei pea te muretsema ei v\u00e4rv- ega s\u00e4ilitusainete p\u00e4rast-toode on testitud ja nahale ohutu!<\/p>\n<p><strong>Suur kogus toodet<\/strong><br \/>\n100ml pudel v\u00f5imaldab intensiivset igap\u00e4evast hooldust, et tagada terve, kaunis ja niisutatud nahk.<\/p>","protected":false},"excerpt":{"rendered":"<p>Tundlikku ja punetavat nahka rahustav, niisutav ja p\u00f5letikuvastane seerum, tugevdab naha taastumisv\u00f5imet ja muudab selle taas terveks ja s\u00e4ravaks. Tugevalt niisutav. Ei ole lisatud kunstlikke l\u00f5hna-ega v\u00e4rvaineid. 100ml<\/p>","protected":false},"featured_media":1002,"template":"","meta":{"_acf_changed":false},"product_brand":[158],"product_cat":[167],"product_tag":[178,190,179,180,189],"class_list":{"0":"post-550","1":"product","2":"type-product","3":"status-publish","4":"has-post-thumbnail","6":"product_brand-fau","7":"product_cat-seerumid","8":"product_tag-akne-ja-akneilmingud","9":"product_tag-arritunud-ja-voi-kuiv-nahk","10":"product_tag-rasune-ja-kombineeritud-nahk","11":"product_tag-rosaatsea-ja-kuperroosa","12":"product_tag-tundlik","14":"first","15":"instock","16":"taxable","17":"shipping-taxable","18":"purchasable","19":"product-type-simple"},"acf":[],"_links":{"self":[{"href":"https:\/\/velvetskin.ee\/fi\/wp-json\/wp\/v2\/product\/550","targetHints":{"allow":["GET"]}}],"collection":[{"href":"https:\/\/velvetskin.ee\/fi\/wp-json\/wp\/v2\/product"}],"about":[{"href":"https:\/\/velvetskin.ee\/fi\/wp-json\/wp\/v2\/types\/product"}],"version-history":[{"count":11,"href":"https:\/\/velvetskin.ee\/fi\/wp-json\/wp\/v2\/product\/550\/revisions"}],"predecessor-version":[{"id":3928,"href":"https:\/\/velvetskin.ee\/fi\/wp-json\/wp\/v2\/product\/550\/revisions\/3928"}],"wp:featuredmedia":[{"embeddable":true,"href":"https:\/\/velvetskin.ee\/fi\/wp-json\/wp\/v2\/media\/1002"}],"wp:attachment":[{"href":"https:\/\/velvetskin.ee\/fi\/wp-json\/wp\/v2\/media?parent=550"}],"wp:term":[{"taxonomy":"product_brand","embeddable":true,"href":"https:\/\/velvetskin.ee\/fi\/wp-json\/wp\/v2\/product_brand?post=550"},{"taxonomy":"product_cat","embeddable":true,"href":"https:\/\/velvetskin.ee\/fi\/wp-json\/wp\/v2\/product_cat?post=550"},{"taxonomy":"product_tag","embeddable":true,"href":"https:\/\/velvetskin.ee\/fi\/wp-json\/wp\/v2\/product_tag?post=550"}],"curies":[{"name":"wp","href":"https:\/\/api.w.org\/{rel}","templated":true}]}}