{"id":860,"date":"2024-07-09T19:42:54","date_gmt":"2024-07-09T16:42:54","guid":{"rendered":"https:\/\/velvetskin.ee\/?post_type=product&#038;p=860"},"modified":"2026-04-23T15:44:56","modified_gmt":"2026-04-23T12:44:56","slug":"shiny-pumpkin-vegan-jelly-plaastrid-naopiirkonnale","status":"publish","type":"product","link":"https:\/\/velvetskin.ee\/fi\/tuote\/shiny-pumpkin-vegan-jelly-plaastrid-naopiirkonnale\/","title":{"rendered":"Kiilt\u00e4v\u00e4 kurpitsa vegaaninen hyytel\u00f6tyyny"},"content":{"rendered":"<p><strong>Viilent\u00e4v\u00e4 vaikutus hypoallergeeninen Vegan Jelly Pad kasvojen laastarit<\/strong><\/p>\n<p>- Sis\u00e4lt\u00e4\u00e4 korealaista nuorta kurpitsauutetta ja luonnollisia kurpitsan maitohappobakteereja, jotka auttavat parantamaan ihoa ja tasoittamaan ryppyj\u00e4. Rikastettu C-vitamiinilla, joka on voimakas antioksidantti ja auttaa kirkastamaan tummia silm\u00e4nalusia. FAU:n patentoitu teknologia, Moist\u2122 ja Quality Hydrogel, antaa iholle erityisen vahvan kosteutuksen.<\/p>\n<p>- Laastarin levitt\u00e4minen iholle antaa viilent\u00e4v\u00e4n tunteen ja rauhoittaa \u00e4rtynytt\u00e4 ja herkk\u00e4\u00e4 ihoa v\u00e4litt\u00f6m\u00e4sti. Laastarit pysyv\u00e4t hyvin iholla, ne eiv\u00e4t luista ja niit\u00e4 voidaan levitt\u00e4\u00e4 kasvojen eri alueille.<\/p>\n<p>- Vegaanisertifioidut laastarit sopivat herkimm\u00e4llekin iholle.<\/p>","protected":false},"excerpt":{"rendered":"<p>Jahutava efektiga h\u00fcpoallergeensed Vegan Jelly Pad plaastrid n\u00e4opiirkonnale. 60 x 96g<\/p>","protected":false},"featured_media":866,"template":"","meta":{"_acf_changed":false},"product_brand":[158],"product_cat":[170],"product_tag":[182,180,187,183],"class_list":{"0":"post-860","1":"product","2":"type-product","3":"status-publish","4":"has-post-thumbnail","6":"product_brand-fau","7":"product_cat-silmaumbruse-hooldus","8":"product_tag-kortsud-ja-lotvunud-nahk","9":"product_tag-rosaatsea-ja-kuperroosa","10":"product_tag-silmaumbruse-probleemid","11":"product_tag-tuhm-ja-sara-kaotanud-nahk","13":"first","14":"outofstock","15":"taxable","16":"shipping-taxable","17":"purchasable","18":"product-type-simple"},"acf":[],"_links":{"self":[{"href":"https:\/\/velvetskin.ee\/fi\/wp-json\/wp\/v2\/product\/860","targetHints":{"allow":["GET"]}}],"collection":[{"href":"https:\/\/velvetskin.ee\/fi\/wp-json\/wp\/v2\/product"}],"about":[{"href":"https:\/\/velvetskin.ee\/fi\/wp-json\/wp\/v2\/types\/product"}],"version-history":[{"count":8,"href":"https:\/\/velvetskin.ee\/fi\/wp-json\/wp\/v2\/product\/860\/revisions"}],"predecessor-version":[{"id":3933,"href":"https:\/\/velvetskin.ee\/fi\/wp-json\/wp\/v2\/product\/860\/revisions\/3933"}],"wp:featuredmedia":[{"embeddable":true,"href":"https:\/\/velvetskin.ee\/fi\/wp-json\/wp\/v2\/media\/866"}],"wp:attachment":[{"href":"https:\/\/velvetskin.ee\/fi\/wp-json\/wp\/v2\/media?parent=860"}],"wp:term":[{"taxonomy":"product_brand","embeddable":true,"href":"https:\/\/velvetskin.ee\/fi\/wp-json\/wp\/v2\/product_brand?post=860"},{"taxonomy":"product_cat","embeddable":true,"href":"https:\/\/velvetskin.ee\/fi\/wp-json\/wp\/v2\/product_cat?post=860"},{"taxonomy":"product_tag","embeddable":true,"href":"https:\/\/velvetskin.ee\/fi\/wp-json\/wp\/v2\/product_tag?post=860"}],"curies":[{"name":"wp","href":"https:\/\/api.w.org\/{rel}","templated":true}]}}